{"id":2859,"date":"2021-12-06T09:18:39","date_gmt":"2021-12-06T09:18:39","guid":{"rendered":"https:\/\/izflowerhotel.com\/kvkk-aydinlatma-metni\/"},"modified":"2022-01-25T09:15:36","modified_gmt":"2022-01-25T09:15:36","slug":"beleuchtungstext","status":"publish","type":"page","link":"https:\/\/izflowerhotel.com\/de\/beleuchtungstext\/","title":{"rendered":"BELEUCHTUNGSTEXT"},"content":{"rendered":"<p>[vc_row][vc_column][vc_column_text]<strong>BELEUCHTUNGSTEXT<\/strong><\/p>\n<p>&nbsp;<\/p>\n<p>Verantwortliche Daten \u0130Z FLOWER S\u0130DE BEACH HOTEL &amp; S\u0130DE W\u00c4SCHEREI YEN\u0130 S\u0130DE TUR. TIC. YACHT. VE SAN. Inc. In dieser Unterkunftseinrichtung von (\u0130Z FLOWER S\u0130DE BEACH HOTEL) sind die Daten, die f\u00fcr die Details in den Angaben in diesem Beleuchtungstext verantwortlich sind, gem\u00e4\u00df der KVKK-Richtlinie erstellt, die gem\u00e4\u00df dem Gesetz zum Schutz personenbezogener Daten (KVK-Gesetz) Nr. 6698 und seinen Anh\u00e4ngen erstellt wurde Sie k\u00f6nnen die Dokumente erreichen. Demzufolge;<\/p>\n<ol>\n<li><strong> Ihre verarbeiteten pers\u00f6nlichen Daten<\/strong><\/li>\n<\/ol>\n<p>&nbsp;<\/p>\n<ol>\n<li>a) Identit\u00e4ts- und Familieninformationen [Vor- und Nachname, TCK-Nr., Passnummer, Geburtsort &#8211; Datum, Familienstand, Beruf, Geschlecht, Name des Kindes, Nummer, Alter und Geburtsdatum, Unterschrift, Gutscheininformationen (Reisekarte) und Registrierungskarte (Unterkunftskarteninformationen), Zimmertyp und -nummer, Flugnummer, Hotel, Unterkunftsdaten und -betrag]<\/li>\n<li>b) Kontaktinformationen [Adresse, Telefonnummer, E-Mail-Adresse]<\/li>\n<li>c) Standortinformationen [Unterkunfts- und Standortinformationen]<\/li>\n<li>d) Informationen zu Kundentransaktionen [(Kfz-Kennzeichen, Fragebogen, Aufzeichnungen \u00fcber die Lieferung von Produkten und Dienstleistungen, Anfragen, Anweisungen, Fotos, Heirat, Geburtstage, Jubil\u00e4um an besonderen Tagen, Call-Center-Aufzeichnungen, Rechnung, Schuldschein, Scheckinformationen, Informationen zu Kassenbelegen, Bestellinformationen , Anfrage Informationen]<\/li>\n<li>e) Sicherheitsinformationen zum physischen Raum [Informationen zur Ein- und Ausreise, Kamera- und Tonaufnahmen von Mitarbeitern und Besuchern]<\/li>\n<li>f) Transaktionssicherheitsinformationen [IP-Adresse, Hotspot-Eintr\u00e4ge, Kennwort- und Kennwortinformationen, Anmelde- und Beendigungsinformationen der Website, Protokoll- und digitale Verkehrsaufzeichnungen]<\/li>\n<li>g) Finanzinformationen [Bankkontonummer, IBAN, Kreditkartennummer, CVC-Code, Ablaufdatum]<\/li>\n<li>h) Visuelle und Audioaufnahmen und Informationen [\u00dcber das Callcenter empfangene Tonaufnahmen, visuelle und Audioaufnahmen und Informationen]<\/li>\n<li>i) Gesundheitsinformationen [Informationen zum Behinderungsstatus, Blutgruppeninformationen, chronischen Krankheiten, fr\u00fcheren Krankheiten, Asthma, Diabetes, Herz-, Blutdruckerkrankungen, pers\u00f6nlichen Gesundheitsinformationen, Ger\u00e4te- und Protheseninformationen]<\/li>\n<\/ol>\n<p>&nbsp;<\/p>\n<ol start=\"2\">\n<li><strong> Erhebungsmethode Ihrer pers\u00f6nlichen Daten und rechtliche Gr\u00fcnde<\/strong><\/li>\n<\/ol>\n<p>Gem\u00e4\u00df dieser Offenlegung werden Ihre personenbezogenen Daten von Dritten oder Dienstleistern bereitgestellt, mit denen wir eine Vereinbarung getroffen haben und mit den an der Vertragsbeziehung beteiligten L\u00f6sungspartnern zusammenarbeiten, die zusammenarbeiten, mit automatischen oder nicht automatisierten Methoden, sofern sie Teil des Datenerfassungssystems sind. wird m\u00fcndlich, schriftlich oder elektronisch mittels Dokumenten und \u00e4hnlichen Mitteln erlangt.<\/p>\n<p>&nbsp;<\/p>\n<p>Diese Daten k\u00f6nnen aufgrund Ihrer ausdr\u00fccklichen Zustimmung im Rahmen von Artikel 5 des KVK-Gesetzes Nr. 6698 und in F\u00e4llen, in denen Ihre ausdr\u00fcckliche Zustimmung nicht erforderlich ist, unter den folgenden Bedingungen direkt verarbeitet werden. Demzufolge;<\/p>\n<ol>\n<li>a) Gesetzlich eindeutig vorgeschrieben.<\/li>\n<li>b) Die Person, die ihre Einwilligung aufgrund tats\u00e4chlicher Unm\u00f6glichkeit nicht erkl\u00e4ren kann oder deren rechtliche Einwilligung nicht erteilt wurde, ist zum Schutz des Lebens oder der k\u00f6rperlichen Unversehrtheit einer Person oder einer anderen Person verpflichtet.<\/li>\n<li>c) Die Verarbeitung personenbezogener Daten der Vertragsparteien ist erforderlich, sofern sie in direktem Zusammenhang mit dem Abschluss oder der Erf\u00fcllung eines Vertrags stehen.<\/li>\n<li>d) Der f\u00fcr die Verarbeitung Verantwortliche ist verpflichtet, seiner gesetzlichen Verpflichtung nachzukommen.<\/li>\n<li>e) Die betroffene Person wurde von sich selbst ver\u00f6ffentlicht.<\/li>\n<li>f) Die Datenverarbeitung ist f\u00fcr die Begr\u00fcndung, Nutzung oder den Schutz eines Rechts obligatorisch.<\/li>\n<li>g) Die Datenverarbeitung ist f\u00fcr die berechtigten Interessen des f\u00fcr die Verarbeitung Verantwortlichen obligatorisch, sofern sie nicht die Grundrechte und -freiheiten der betroffenen Person beeintr\u00e4chtigt.<\/li>\n<\/ol>\n<p>&nbsp;<\/p>\n<p>Im Rahmen von Artikel 6 der KVKK Nr. 6698 k\u00f6nnen Ihre personenbezogenen Daten, mit Ausnahme von Gesundheit und Sexualleben, gem\u00e4\u00df der ausdr\u00fccklichen Zustimmung oder gem\u00e4\u00df derselben Klausel verarbeitet werden. Ohne Ihre ausdr\u00fcckliche Zustimmung k\u00f6nnen Ihre personenbezogenen Daten in Bezug auf Gesundheit und Sexualleben nur von Einzelpersonen oder autorisierten Institutionen und Organisationen verwendet werden, die verpflichtet sind, Geheimnisse zu bewahren, um die \u00f6ffentliche Gesundheit, die Pr\u00e4ventivmedizin, die Durchf\u00fchrung medizinischer Diagnosen, Behandlungs- und Pflegedienste, die Planung und Verwaltung von Gesundheitsdiensten und die Finanzierung zu sch\u00fctzen. verarbeitet.<\/p>\n<ol start=\"3\">\n<li><strong> Zweck der Verarbeitung Ihrer pers\u00f6nlichen Daten<\/strong><\/li>\n<\/ol>\n<p>Ihre personenbezogenen Daten m\u00fcssen gem\u00e4\u00df den Artikeln 4, 5 und 6 des KVK-Gesetzes Nr. 6698 den Gesetzen und Ehrlichkeitsregeln entsprechen, bei Bedarf korrekt und aktuell sein, f\u00fcr bestimmte, klare und legitime Zwecke verarbeitet, verbunden, begrenzt und gemessen werden. Die Verarbeitung erfolgt im Rahmen der nachstehend aufgef\u00fchrten Ziele unter Ber\u00fccksichtigung der Grunds\u00e4tze der Aufbewahrung f\u00fcr den in den einschl\u00e4gigen Rechtsvorschriften vorgeschriebenen Zeitraum oder f\u00fcr den Zweck, f\u00fcr den sie verarbeitet werden.<\/p>\n<p>&nbsp;<\/p>\n<ol>\n<li>Ausf\u00fchrung von Notfallmanagementprozessen<\/li>\n<li>Ausf\u00fchrung von Informationssicherheitsprozessen<\/li>\n<li>Durchf\u00fchrung von Auswahl- und Vermittlungsprozessen f\u00fcr Kandidaten \/ Auszubildende \/ Studenten<\/li>\n<li>Durchf\u00fchrung des Bewerbungsprozesses der Kandidaten<\/li>\n<li>Durchf\u00fchrung von Mitarbeiterzufriedenheits- und Loyalit\u00e4tsprozessen<\/li>\n<li>Erf\u00fcllung von Arbeitsvertr\u00e4gen und gesetzlichen Verpflichtungen f\u00fcr Arbeitnehmer<\/li>\n<li>Durchf\u00fchrung von Leistungen und Leistungsprozessen f\u00fcr Mitarbeiter<\/li>\n<li>Durchf\u00fchrung von Audit- \/ ethischen Aktivit\u00e4ten<\/li>\n<li>Planung und Durchf\u00fchrung von Aktivit\u00e4ten und Aktivit\u00e4ten wie Bildung, Seminaren, Kongressen,<\/li>\n<li>Ausf\u00fchrung von Zugriffsrechten<\/li>\n<li>Durchf\u00fchrung von Aktivit\u00e4ten in \u00dcbereinstimmung mit der Gesetzgebung<\/li>\n<li>Ausf\u00fchrung von Finanz- und Rechnungswesenangelegenheiten<\/li>\n<li>Ausf\u00fchrung von Commitment-Prozessen f\u00fcr Unternehmen \/ Produkte \/ Dienstleistungen<\/li>\n<li>Gew\u00e4hrleistung der physischen Raumsicherheit<\/li>\n<li>Durchf\u00fchrung von Terminprozessen<\/li>\n<li>\u00dcberwachung und Durchf\u00fchrung von Rechtsangelegenheiten<\/li>\n<li>Durchf\u00fchrung von Aktivit\u00e4ten der internen Revision \/ Untersuchung \/ Nachrichtendienste<\/li>\n<li>Durchf\u00fchrung von Kommunikationsaktivit\u00e4ten<\/li>\n<li>Planung von Personalprozessen<\/li>\n<li>Ausf\u00fchrung \/ Kontrolle von Gesch\u00e4ftsaktivit\u00e4ten<\/li>\n<li>Durchf\u00fchrung von Arbeitsschutzaktivit\u00e4ten<\/li>\n<li>Empfangen und Bewerten von Vorschl\u00e4gen zur Verbesserung von Gesch\u00e4ftsprozessen<\/li>\n<li>Durchf\u00fchrung von Business Continuity-Aktivit\u00e4ten<\/li>\n<li>Ausf\u00fchrung von Logistikaktivit\u00e4ten<\/li>\n<li>Ausf\u00fchrung von Einkaufsprozessen f\u00fcr Waren \/ Dienstleistungen<\/li>\n<li>Ausf\u00fchrung von Waren \/ Dienstleistungen After Sales Support Services<\/li>\n<li>Ausf\u00fchrung von Waren \/ Dienstleistungen-Verkaufsprozessen<\/li>\n<li>Ausf\u00fchrung von Produktions- und Betriebsprozessen f\u00fcr Waren \/ Dienstleistungen<\/li>\n<li>Ausf\u00fchrung von Customer Relationship Management-Prozessen<\/li>\n<li>Durchf\u00fchrung von Aktivit\u00e4ten zur Kunden-, G\u00e4stezufriedenheit und Servicequalit\u00e4t<\/li>\n<li>Organisations- und Eventmanagement<\/li>\n<li>Durchf\u00fchrung von Marketinganalyse-Studien<\/li>\n<li>Ausf\u00fchrung von Leistungsbewertungsprozessen<\/li>\n<li>Durchf\u00fchrung von Werbe- \/ Kampagnen- \/ Werbeprozessen<\/li>\n<li>Durchf\u00fchrung von Risikomanagementprozessen<\/li>\n<li>Durchf\u00fchrung von Sorgerechts- und Archivierungsaktivit\u00e4ten<\/li>\n<li>Wahrnehmung sozialer Verantwortung und zivilgesellschaftlicher Aktivit\u00e4ten<\/li>\n<li>Ausf\u00fchrung von Vertragsprozessen, Erf\u00fcllung der mit der Erf\u00fcllung der Produkt- und Servicebedingungen eingegangenen Verpflichtungen<\/li>\n<li>Durchf\u00fchrung von Sponsoring-Aktivit\u00e4ten<\/li>\n<li>Durchf\u00fchrung strategischer Planungsaktivit\u00e4ten<\/li>\n<li>Nachverfolgung von Anfragen \/ Beschwerden<\/li>\n<li>Gew\u00e4hrleistung der Sicherheit beweglicher G\u00fcter und Ressourcen<\/li>\n<li>Ausf\u00fchrung von Supply Chain Management-Prozessen<\/li>\n<li>Ausf\u00fchrung der Lohnpolitik<\/li>\n<li>Durchf\u00fchrung von Marketingprozessen von Produkten \/ Dienstleistungen<\/li>\n<li>\u200b\u200bGew\u00e4hrleistung der Sicherheit des Betriebs von Datencontrollern<\/li>\n<li>Verfahren zur Arbeitserlaubnis und Aufenthaltserlaubnis f\u00fcr ausl\u00e4ndisches Personal<\/li>\n<li>Durchf\u00fchrung von Anlageprozessen<\/li>\n<li>Durchf\u00fchrung von Talent- \/ Karriereentwicklungsaktivit\u00e4ten<\/li>\n<li>Informationen an befugte Personen, Institutionen und Organisationen weitergeben<\/li>\n<li>Ausf\u00fchrung von Managementaktivit\u00e4ten<\/li>\n<li>Erstellung und Verfolgung von Besucherdaten<\/li>\n<li>Sichere Unterkunft, Reservierung, Erf\u00fcllung von Ferienverkaufstransaktionen,<\/li>\n<li>Verwendung in Umfragen, Marketing und Werbung zum Teilen in sozialen Medien und anderen Medien,<\/li>\n<li>Gew\u00e4hrleistung der \u00f6ffentlichen Sicherheit von Kunden, Mitarbeitern und verbundenen Dritten am Arbeitsplatz,<\/li>\n<li>Bei Auftreten von Gesundheitsproblemen Anwendung der ersten Interventions-, Diagnose- und Behandlungsmethoden,<\/li>\n<li>Ausf\u00fchrung des Unternehmens und des Arbeitsplatzes und seiner Aktivit\u00e4ten in \u00dcbereinstimmung mit den Gesetzen, Unternehmensrichtlinien und -verfahren,<\/li>\n<li>Planung und Durchf\u00fchrung besonderer Tagesveranstaltungen und Aktivit\u00e4ten wie Feier, Party, Geburtstag, Heirat, Hochzeit, Verlobung und Jubil\u00e4um<\/li>\n<\/ol>\n<p>&nbsp;<\/p>\n<p>Ihre pers\u00f6nlichen Daten werden nicht f\u00fcr andere als die oben genannten Zwecke verarbeitet. Es werden alle Arten von technischen und administrativen Ma\u00dfnahmen getroffen, um zu verhindern, dass personenbezogene Daten illegal verarbeitet werden oder auf sie zugegriffen wird.<\/p>\n<p>&nbsp;<\/p>\n<ol start=\"4\">\n<li><strong> \u00dcbermittlung Ihrer pers\u00f6nlichen Daten<\/strong><\/li>\n<\/ol>\n<p>&nbsp;<\/p>\n<p>Gem\u00e4\u00df dem 8. und 9. Artikel des KVK-Gesetzes Nr. 6698 k\u00f6nnen Ihre personenbezogenen Daten im In- und Ausland \u00fcbertragen werden, wenn folgende Bedingungen vorliegen.<\/p>\n<p>Personenbezogene Daten, die aufgrund der Bedingungen in Artikel 5 des Gesetzes Nr. 6698 oder gem\u00e4\u00df Ihrer ausdr\u00fccklichen Zustimmung zur Durchf\u00fchrung der oben genannten Aktivit\u00e4ten und gem\u00e4\u00df den Bestimmungen der Artikel 8 und 9 erhalten wurden, Es kann an Dritte weitergegeben werden, die interagierten Personen und Institutionen dienen oder dienen.<\/p>\n<p>&nbsp;<\/p>\n<p>Ihre personenbezogenen Daten in Bezug auf die Gesundheit stehen nur den betroffenen oder autorisierten Institutionen und Organisationen offen, die verpflichtet sind, Geheimnisse zum Schutz der \u00f6ffentlichen Gesundheit, zur Durchf\u00fchrung von Pr\u00e4ventivmedizin, zur medizinischen Diagnose, zu Behandlungs- und Pflegediensten, zur Planung und Verwaltung von Gesundheitsdiensten und zur Finanzierung zu bewahren, sofern ausreichende Vorsichtsma\u00dfnahmen getroffen werden. Kann ohne Zustimmung \u00fcbertragen werden.<\/p>\n<p>Die personenbezogenen Daten der Vertragsparteien sollten in den Gesetzen eindeutig angegeben werden. Die Person, die ihre Einwilligung aufgrund tats\u00e4chlicher Unm\u00f6glichkeit nicht erkl\u00e4ren kann oder deren rechtliche Einwilligung nicht erteilt wird, steht in direktem Zusammenhang mit dem Abschluss oder der Erf\u00fcllung eines Vertrags. , Daten sind f\u00fcr den f\u00fcr die Verarbeitung Verantwortlichen zur Erf\u00fcllung seiner gesetzlichen Verpflichtung obligatorisch, die Daten werden ver\u00f6ffentlicht, die Datenverarbeitung ist f\u00fcr die Begr\u00fcndung, Nutzung oder den Schutz eines Rechts obligatorisch, die Datenverarbeitung ist f\u00fcr die berechtigten Interessen des f\u00fcr die Verarbeitung Verantwortlichen obligatorisch, sofern sie Ihre Grundrechte und -freiheiten nicht beeintr\u00e4chtigt. Personen, die verpflichtet sind, Geheimnisse oder autorisierte Institutionen und Institutionen zum Zwecke des Gesundheitsschutzes, der Pr\u00e4ventivmedizin, der medizinischen Diagnose, der Behandlung und Wartung, der Planung und Verwaltung von Gesundheitsdiensten und der Finanzierung zu bewahren. Ihre personenbezogenen Daten, sofern die Erf\u00fcllung durch urulu\u015f dort einen angemessenen Schutz im Ausland bietet, falls in der T\u00fcrkei und im Ausland kein angemessener Schutz f\u00fcr einen angemessenen Schutz verantwortungsbewusster Daten besteht, verpflichten sich schriftlich und Ihre ausdr\u00fcckliche Zustimmung, vorbehaltlich der Erlaubnis des REIT-Vorstands, ohne Auslandsaufenthalt \u00fcbertragen zu werden.<\/p>\n<p>Ob der KVK-Vorstand im Ausland ausreichend gesch\u00fctzt ist und ob er ins Ausland wechseln darf; Nach internationalen \u00dcbereinkommen, dass die T\u00fcrkei Vertragspartei ist, verlangen personenbezogene Daten, dass L\u00e4nder mit Gegenseitigkeitsbedingung f\u00fcr die \u00dcbermittlung von Daten zwischen der T\u00fcrkei in Bezug auf die \u00dcbertragung, Verarbeitung und Art der personenbezogenen Daten, den Zweck und die Dauer der Gesetzgebung und Praxis in Bezug auf die Frage der personenbezogenen Daten des Landes personenbezogen \u00fcbertragen werden Sie beschlie\u00dft, die vom Datenbeauftragten in dem Land, in dem die Daten \u00fcbertragen werden, begangenen Ma\u00dfnahmen zu bewerten, indem sie gegebenenfalls die Meinung der zust\u00e4ndigen Institutionen und Organisationen einholt. Ihre personenbezogenen Daten werden unbeschadet der Bestimmungen internationaler \u00dcbereinkommen, der T\u00fcrkei oder in einem ernsthaften Zustand Ihrer Interessen besch\u00e4digt. Unter Ber\u00fccksichtigung der Ansichten einschl\u00e4giger \u00f6ffentlicher Institutionen oder Organisationen k\u00f6nnen sie jedoch mit Genehmigung des Verwaltungsrats ins Ausland \u00fcbertragen werden.<\/p>\n<p>In diesem Zusammenhang Ihre pers\u00f6nlichen Daten;<\/p>\n<p>a- An autorisierte \u00f6ffentliche Institutionen und Organisationen<\/p>\n<p>b- Partner und Beamte des Unternehmens,<\/p>\n<p>c- Gesch\u00e4fts- und L\u00f6sungspartner,<\/p>\n<p>d- An Lieferanten und Unternehmen,<\/p>\n<p>e- An die tats\u00e4chlichen oder juristischen Personen, mit denen es interagiert, zu folgenden Zwecken;<\/p>\n<p>&nbsp;<\/p>\n<ol>\n<li>Ausf\u00fchrung von Notfallmanagementprozessen<\/li>\n<li>Ausf\u00fchrung von Informationssicherheitsprozessen<\/li>\n<li>Durchf\u00fchrung von Auswahl- und Vermittlungsprozessen f\u00fcr Kandidaten \/ Auszubildende \/ Studenten<\/li>\n<li>Durchf\u00fchrung des Bewerbungsprozesses der Kandidaten<\/li>\n<li>Durchf\u00fchrung von Mitarbeiterzufriedenheits- und Loyalit\u00e4tsprozessen<\/li>\n<li>Erf\u00fcllung von Arbeitsvertr\u00e4gen und gesetzlichen Verpflichtungen f\u00fcr Arbeitnehmer<\/li>\n<li>Durchf\u00fchrung von Leistungen und Leistungsprozessen f\u00fcr Mitarbeiter<\/li>\n<li>Durchf\u00fchrung von Audit- \/ ethischen Aktivit\u00e4ten<\/li>\n<li>Planung und Durchf\u00fchrung von Aktivit\u00e4ten und Aktivit\u00e4ten wie Bildung, Seminaren, Kongressen,<\/li>\n<li>Ausf\u00fchrung von Zugriffsrechten<\/li>\n<li>Durchf\u00fchrung von Aktivit\u00e4ten in \u00dcbereinstimmung mit der Gesetzgebung<\/li>\n<li>Ausf\u00fchrung von Finanz- und Rechnungswesenangelegenheiten<\/li>\n<li>Ausf\u00fchrung von Commitment-Prozessen f\u00fcr Unternehmen \/ Produkte \/ Dienstleistungen<\/li>\n<li>Gew\u00e4hrleistung der physischen Raumsicherheit<\/li>\n<li>Durchf\u00fchrung von Terminprozessen<\/li>\n<li>\u00dcberwachung und Durchf\u00fchrung von Rechtsangelegenheiten<\/li>\n<li>Durchf\u00fchrung von Aktivit\u00e4ten der internen Revision \/ Untersuchung \/ Nachrichtendienste<\/li>\n<li>Durchf\u00fchrung von Kommunikationsaktivit\u00e4ten<\/li>\n<li>Planung von Personalprozessen<\/li>\n<li>Ausf\u00fchrung \/ Kontrolle von Gesch\u00e4ftsaktivit\u00e4ten<\/li>\n<li>Durchf\u00fchrung von Arbeitsschutzaktivit\u00e4ten<\/li>\n<li>Empfangen und Bewerten von Vorschl\u00e4gen zur Verbesserung von Gesch\u00e4ftsprozessen<\/li>\n<li>Durchf\u00fchrung von Business Continuity-Aktivit\u00e4ten<\/li>\n<li>Ausf\u00fchrung von Logistikaktivit\u00e4ten<\/li>\n<li>Ausf\u00fchrung von Einkaufsprozessen f\u00fcr Waren \/ Dienstleistungen<\/li>\n<li>Ausf\u00fchrung von Waren \/ Dienstleistungen After Sales Support Services<\/li>\n<li>Ausf\u00fchrung von Waren \/ Dienstleistungen-Verkaufsprozessen<\/li>\n<li>Ausf\u00fchrung von Produktions- und Betriebsprozessen f\u00fcr Waren \/ Dienstleistungen<\/li>\n<li>Ausf\u00fchrung von Customer Relationship Management-Prozessen<\/li>\n<li>Durchf\u00fchrung von Aktivit\u00e4ten zur Kunden-, G\u00e4stezufriedenheit und Servicequalit\u00e4t<\/li>\n<li>Organisations- und Eventmanagement<\/li>\n<li>Durchf\u00fchrung von Marketinganalyse-Studien<\/li>\n<li>Ausf\u00fchrung von Leistungsbewertungsprozessen<\/li>\n<li>Durchf\u00fchrung von Werbe- \/ Kampagnen- \/ Werbeprozessen<\/li>\n<li>Durchf\u00fchrung von Risikomanagementprozessen<\/li>\n<li>Durchf\u00fchrung von Sorgerechts- und Archivierungsaktivit\u00e4ten<\/li>\n<li>Wahrnehmung sozialer Verantwortung und zivilgesellschaftlicher Aktivit\u00e4ten<\/li>\n<li>Ausf\u00fchrung von Vertragsprozessen, Erf\u00fcllung der mit der Erf\u00fcllung der Produkt- und Servicebedingungen eingegangenen Verpflichtungen<\/li>\n<li>Durchf\u00fchrung von Sponsoring-Aktivit\u00e4ten<\/li>\n<li>Durchf\u00fchrung strategischer Planungsaktivit\u00e4ten<\/li>\n<li>Nachverfolgung von Anfragen \/ Beschwerden<\/li>\n<li>Gew\u00e4hrleistung der Sicherheit beweglicher G\u00fcter und Ressourcen<\/li>\n<li>Ausf\u00fchrung von Supply Chain Management-Prozessen<\/li>\n<li>Ausf\u00fchrung der Lohnpolitik<\/li>\n<li>Durchf\u00fchrung von Marketingprozessen von Produkten \/ Dienstleistungen<\/li>\n<li>\u200b\u200bGew\u00e4hrleistung der Sicherheit des Betriebs von Datencontrollern<\/li>\n<li>Verfahren zur Arbeitserlaubnis und Aufenthaltserlaubnis f\u00fcr ausl\u00e4ndisches Personal<\/li>\n<li>Durchf\u00fchrung von Anlageprozessen<\/li>\n<li>Durchf\u00fchrung von Talent- \/ Karriereentwicklungsaktivit\u00e4ten<\/li>\n<li>Informationen an befugte Personen, Institutionen und Organisationen weitergeben<\/li>\n<li>Ausf\u00fchrung von Managementaktivit\u00e4ten<\/li>\n<li>Erstellung und Verfolgung von Besucherdaten<\/li>\n<li>Sichere Unterkunft, Reservierung, Erf\u00fcllung von Ferienverkaufstransaktionen,<\/li>\n<li>Verwendung in Umfragen, Marketing und Werbung zum Teilen in sozialen Medien und anderen Medien,<\/li>\n<li>Gew\u00e4hrleistung der \u00f6ffentlichen Sicherheit von Kunden, Mitarbeitern und verbundenen Dritten am Arbeitsplatz,<\/li>\n<li>Bei Auftreten von Gesundheitsproblemen Anwendung der ersten Interventions-, Diagnose- und Behandlungsmethoden,<\/li>\n<li>Ausf\u00fchrung des Unternehmens und des Arbeitsplatzes und seiner Aktivit\u00e4ten in \u00dcbereinstimmung mit den Gesetzen, Unternehmensrichtlinien und -verfahren,<\/li>\n<li>Die Feier kann \u00fcbertragen werden, um besondere Tagesereignisse und Aktivit\u00e4ten wie Party, Geburtstag, Heirat, Hochzeit, Verlobung und Jubil\u00e4um zu planen und durchzuf\u00fchren.<\/li>\n<li><strong> Ihre Rechte als Inhaber personenbezogener Daten<\/strong><\/li>\n<\/ol>\n<p>Die betroffene Person, dh die betroffene Person<\/p>\n<ol>\n<li>a) Erfahren, ob personenbezogene Daten verarbeitet werden,<\/li>\n<li>b) Informationen anfordern, wenn personenbezogene Daten verarbeitet wurden,<\/li>\n<li>c) den Zweck der Verarbeitung personenbezogener Daten kennen und wissen, ob sie in \u00dcbereinstimmung mit ihrem Zweck verwendet werden,<\/li>\n<li>d) die Dritten zu kennen, an die personenbezogene Daten im In- oder Ausland \u00fcbermittelt werden,<\/li>\n<li>e) Beantragung der Berichtigung personenbezogener Daten, wenn diese unvollst\u00e4ndig oder falsch verarbeitet sind,<\/li>\n<li>f) die L\u00f6schung oder Vernichtung personenbezogener Daten im Rahmen der in Artikel 7 der KVKK festgelegten Bedingungen zu beantragen,<\/li>\n<li>g) Dritten, an die sie \u00fcbermittelt wurden, \u00fcber die falsch verarbeiteten und zu korrigierenden personenbezogenen Daten und die zu vernichtenden personenbezogenen Daten zu informieren;<\/li>\n<li>h) Einw\u00e4nde gegen die Entstehung eines Ergebnisses gegen die Person zu erheben, indem die verarbeiteten Daten ausschlie\u00dflich \u00fcber automatisierte Systeme analysiert werden;<\/li>\n<li>i) Aufforderung zur Beseitigung des Schadens, falls die personenbezogenen Daten durch die rechtswidrige Verarbeitung der Daten besch\u00e4digt werden,<\/li>\n<\/ol>\n<p>hat die Rechte.<\/p>\n<p>&nbsp;<\/p>\n<p>Um Ihre Beschwerderechte als Inhaber personenbezogener Daten nutzen zu k\u00f6nnen, m\u00fcssen Sie sich zun\u00e4chst \u00fcber die folgenden Kommunikationskan\u00e4le beim Beauftragten f\u00fcr personenbezogene Daten bewerben. Es ist nicht m\u00f6glich, eine Beschwerde beim KVK-Vorstand einzureichen, bevor diese Stra\u00dfe ersch\u00f6pft ist.<\/p>\n<p>Ihre Anfrage wird von unserem Unternehmen als Datenverantwortlicher so schnell wie m\u00f6glich und sp\u00e4testens innerhalb von 30 Tagen beantwortet, je nach Art der Anfrage.<\/p>\n<p>Falls Ihr Antrag abgelehnt wird oder die Antwort unzureichend ist oder Ihr Antrag nicht rechtzeitig beantwortet wird, k\u00f6nnen Sie das Recht nutzen, sich beim KVK-Vorstand zu beschweren oder sich direkt an die Justiz zu wenden.<\/p>\n<p>&nbsp;<\/p>\n<p><strong>\u00a0\u00a0\u00a0\u00a0\u00a0\u00a0\u00a0\u00a0\u00a0\u00a0\u00a0\u00a0\u00a0\u00a0\u00a0\u00a0\u00a0\u00a0\u00a0\u00a0\u00a0\u00a0\u00a0\u00a0\u00a0\u00a0\u00a0\u00a0\u00a0\u00a0 Anwendungsadresse und Kontaktinformationen:<\/strong><\/p>\n<p>&nbsp;<\/p>\n<p>\u0130Z FLOWER S\u0130DE BEACH HOTEL &amp; S\u0130DE W\u00c4SCHEREI YEN\u0130 S\u0130DE TUR. TIC. YACHT. VE SAN. Inc.<\/p>\n<p>(\u0130Z FLOWER S\u0130DE BEACH HOTEL)<\/p>\n<p>ILICA MAH. 7. SOK. NEIN: 4 \/ A MANAVGAT \/ ANTALYA<\/p>\n<p>TEL: 0242 756 0444<\/p>\n<p><a href=\"mailto:info@izflowerhotel.com\">info@izflowerhotel.com<\/a><\/p>\n<ol start=\"6\">\n<li>Aufbewahrungsfrist Ihrer pers\u00f6nlichen Daten<\/li>\n<\/ol>\n<p>Ihre personenbezogenen Daten, die mit den oben genannten Methoden und in \u00dcbereinstimmung mit den angegebenen Zwecken verarbeitet werden m\u00fcssen, werden f\u00fcr den im Dateninventar angegebenen Zeitraum unter Ber\u00fccksichtigung der gesetzlich festgelegten Auszeit- und Sperrfristen gespeichert. Wenn die Gr\u00fcnde f\u00fcr die Verarbeitung Ihrer Daten beseitigt sind oder die f\u00fcr die Verarbeitung Ihrer Daten gem\u00e4\u00df den gesetzlichen Bestimmungen erforderlichen Fristen abgelaufen sind, wird unser Unternehmen sp\u00e4testens innerhalb von sechs Monaten, sp\u00e4testens oder innerhalb von drei\u00dfig Tagen auf Ihre Anfrage hin gel\u00f6scht, zerst\u00f6rt oder anonymisiert.<\/p>\n<p>Durch das L\u00f6schen Ihrer pers\u00f6nlichen Daten werden diese f\u00fcr die betroffenen Benutzer unzug\u00e4nglich und unbrauchbar.<\/p>\n<p>Die Zerst\u00f6rung Ihrer pers\u00f6nlichen Daten ist der Prozess, bei dem die pers\u00f6nlichen Daten in keiner Weise f\u00fcr jedermann zug\u00e4nglich, abgerufen und wiederverwendbar gemacht werden.<\/p>\n<p>Durch die Anonymisierung Ihrer pers\u00f6nlichen Daten werden die Daten auch mit geeigneten Techniken nicht mit einer identifizierten oder identifizierbaren nat\u00fcrlichen Person in Verbindung gebracht.<\/p>\n<p>Transaktionen bez\u00fcglich der L\u00f6schung, Zerst\u00f6rung und Anonymisierung Ihrer pers\u00f6nlichen Daten werden innerhalb von Minuten aufgezeichnet. Diese Protokolle werden angesichts der \u00f6ffentlichen Anforderungen 5 Jahre lang aufbewahrt.<\/p>\n<p>Wir pr\u00e4sentieren Ihre Informationen mit Respekt.<\/p>\n<ol start=\"7\">\n<li><strong> Identit\u00e4t des Datencontrollers<\/strong><\/li>\n<\/ol>\n<p>NAME : \u0130Z BLUME S\u0130DE BEACH HOTEL &amp; S\u0130DE LAUNDRY YEN\u0130 S\u0130DE TUR. TIC. YACHT. VE SAN. Inc.<\/p>\n<p>ADRESSE: ILICA MAH. 7. SOK. NEIN: 4 \/ A MANAVGAT \/ ANTALYA<\/p>\n<p>MERS\u0130S NO: 0649 0004 339 00019<\/p>\n<p>STEUERB\u00dcRO \/ NR.: MANAVGAT V.D .: 649 000 4339[\/vc_column_text][\/vc_column][\/vc_row]<\/p>\n","protected":false},"excerpt":{"rendered":"<p>[vc_row][vc_column][vc_column_text]BELEUCHTUNGSTEXT &nbsp; Verantwortliche Daten \u0130Z FLOWER S\u0130DE BEACH HOTEL &amp; S\u0130DE W\u00c4SCHEREI YEN\u0130 S\u0130DE TUR. TIC. YACHT. VE SAN. Inc. In dieser Unterkunftseinrichtung von (\u0130Z FLOWER S\u0130DE&#8230;<\/p>\n","protected":false},"author":1,"featured_media":0,"parent":0,"menu_order":0,"comment_status":"closed","ping_status":"closed","template":"","meta":{"footnotes":""},"class_list":["post-2859","page","type-page","status-publish","hentry"],"_links":{"self":[{"href":"https:\/\/izflowerhotel.com\/de\/wp-json\/wp\/v2\/pages\/2859","targetHints":{"allow":["GET"]}}],"collection":[{"href":"https:\/\/izflowerhotel.com\/de\/wp-json\/wp\/v2\/pages"}],"about":[{"href":"https:\/\/izflowerhotel.com\/de\/wp-json\/wp\/v2\/types\/page"}],"author":[{"embeddable":true,"href":"https:\/\/izflowerhotel.com\/de\/wp-json\/wp\/v2\/users\/1"}],"replies":[{"embeddable":true,"href":"https:\/\/izflowerhotel.com\/de\/wp-json\/wp\/v2\/comments?post=2859"}],"version-history":[{"count":2,"href":"https:\/\/izflowerhotel.com\/de\/wp-json\/wp\/v2\/pages\/2859\/revisions"}],"predecessor-version":[{"id":2865,"href":"https:\/\/izflowerhotel.com\/de\/wp-json\/wp\/v2\/pages\/2859\/revisions\/2865"}],"wp:attachment":[{"href":"https:\/\/izflowerhotel.com\/de\/wp-json\/wp\/v2\/media?parent=2859"}],"curies":[{"name":"wp","href":"https:\/\/api.w.org\/{rel}","templated":true}]}}