{"id":2829,"date":"2016-07-18T07:30:08","date_gmt":"2016-07-18T07:30:08","guid":{"rendered":"https:\/\/izflowerhotel.com\/anasayfa\/"},"modified":"2023-07-26T07:45:01","modified_gmt":"2023-07-26T07:45:01","slug":"anasayfa","status":"publish","type":"page","link":"https:\/\/izflowerhotel.com\/de\/","title":{"rendered":"Anasayfa"},"content":{"rendered":"<p>[vc_row full_width=&#8220;stretch_row&#8220;][vc_column]<div class=\"section \"  id=\"home-slider\" ><div class=\"widget-slider\"><div class=\"wrapper-full\"><div class=\"widget-carousel owl-carousel owl-theme\" data-autoplay=\"true\" data-loop=\"true\"><div class=\"slider-item\" data-background=\"https:\/\/izflowerhotel.com\/wp-content\/uploads\/2021\/11\/Iz-Flower77_mid.jpg\"><div class=\"wrapper\"><div class=\"item-inner\"><h1>Treffen von Blau &amp; Gr\u00fcn<\/h1><h2>Side \/ Antalya \/ T\u00fcrkei<\/h2><\/div><\/div><\/div><div class=\"slider-item\" data-background=\"https:\/\/izflowerhotel.com\/wp-content\/uploads\/2021\/11\/Iz-Flower86_mid.jpg\"><div class=\"wrapper\"><div class=\"item-inner\"><h1>Erlebe den Frieden<\/h1><h2>Side \/ Antalya \/ T\u00fcrkei<\/h2><\/div><\/div><\/div><div class=\"slider-item\" data-background=\"https:\/\/izflowerhotel.com\/wp-content\/uploads\/2021\/12\/Iz-Flower136_low.jpg\"><div class=\"wrapper\"><div class=\"item-inner\"><h1>F\u00fchle das Leben<\/h1><h2>Side \/ Antalya \/ T\u00fcrkei<\/h2><\/div><\/div><\/div><\/div><!-- Slider Carousel End --><!-- Slider Booking --><div class=\"slider-booking\"><div class=\"wrapper\"><h5><\/h5><ul class=\"wrapper-list\"><\/p>\n<div class=\"ors-widget\" data-dir=\"izflowerhotel\" data-lang=\"de\"><\/div>\n<p><script src=\"\/\/orswidget.com\/w.js\"><\/script><\/p>\n<p><\/ul><\/div><\/div><!-- Slider Booking End --><\/div><\/div><\/div><!-- Section Slider End -->[\/vc_column][\/vc_row][vc_row content_placement=&#8220;top&#8220; grandium_select_container=&#8220;topandbottom&#8220; css=&#8220;.vc_custom_1638526863639{margin-top: -90px !important;margin-right: 50px !important;margin-left: 50px !important;}&#8220;][vc_column][vc_row_inner gap=&#8220;35&#8243;][vc_column_inner width=&#8220;1\/2&#8243; css=&#8220;.vc_custom_1638526672324{background-position: center !important;background-repeat: no-repeat !important;background-size: contain !important;}&#8220;][vc_single_image image=&#8220;2545&#8243; img_size=&#8220;full&#8220; alignment=&#8220;center&#8220; onclick=&#8220;custom_link&#8220; link=&#8220;http:\/\/izflowerhotel.com\/suits\/&#8220;][vc_btn title=&#8220;S\u00fcit Odalar&#8220; style=&#8220;custom&#8220; custom_background=&#8220;rgba(163,144,70,0.65)&#8220; custom_text=&#8220;#ffffff&#8220; shape=&#8220;square&#8220; align=&#8220;center&#8220; i_align=&#8220;right&#8220; i_icon_fontawesome=&#8220;fas fa-angle-right&#8220; add_icon=&#8220;true&#8220; link=&#8220;url:http%3A%2F%2Fizflowerhotel.com%2Fsuits%2F|title:S%C3%BCit%20Odalar&#8220; css=&#8220;.vc_custom_1638526664905{margin-top: -120px !important;}&#8220;][\/vc_column_inner][vc_column_inner width=&#8220;1\/2&#8243; css=&#8220;.vc_custom_1638526736283{background-position: center !important;background-repeat: no-repeat !important;background-size: contain !important;}&#8220;][vc_single_image image=&#8220;1990&#8243; img_size=&#8220;full&#8220; alignment=&#8220;center&#8220; onclick=&#8220;custom_link&#8220; link=&#8220;http:\/\/izflowerhotel.com\/family-oda\/&#8220;][vc_btn title=&#8220;Aile Odalar\u0131&#8220; style=&#8220;custom&#8220; custom_background=&#8220;rgba(163,144,70,0.65)&#8220; custom_text=&#8220;#ffffff&#8220; shape=&#8220;square&#8220; align=&#8220;center&#8220; i_align=&#8220;right&#8220; i_icon_fontawesome=&#8220;fas fa-angle-right&#8220; add_icon=&#8220;true&#8220; link=&#8220;url:http%3A%2F%2Fizflowerhotel.com%2Ffamily-oda%2F|title:S%C3%BCit%20Odalar&#8220; css=&#8220;.vc_custom_1638526753568{margin-top: -120px !important;}&#8220;][\/vc_column_inner][\/vc_row_inner][vc_row_inner gap=&#8220;35&#8243;][vc_column_inner width=&#8220;1\/2&#8243; css=&#8220;.vc_custom_1638526672324{background-position: center !important;background-repeat: no-repeat !important;background-size: contain !important;}&#8220;][vc_single_image image=&#8220;2182&#8243; img_size=&#8220;full&#8220; alignment=&#8220;center&#8220; onclick=&#8220;custom_link&#8220; link=&#8220;http:\/\/izflowerhotel.com\/kara-tarafi-standart-oda\/&#8220;][vc_btn title=&#8220;Standart Oda &#8211; Kara Manzarl\u0131&#8220; style=&#8220;custom&#8220; custom_background=&#8220;rgba(163,144,70,0.65)&#8220; custom_text=&#8220;#ffffff&#8220; shape=&#8220;square&#8220; align=&#8220;center&#8220; i_align=&#8220;right&#8220; i_icon_fontawesome=&#8220;fas fa-angle-right&#8220; add_icon=&#8220;true&#8220; link=&#8220;url:http%3A%2F%2Fizflowerhotel.com%2Fkara-tarafi-standart-oda%2F|title:S%C3%BCit%20Odalar&#8220; css=&#8220;.vc_custom_1638541123622{margin-top: -120px !important;}&#8220;][\/vc_column_inner][vc_column_inner width=&#8220;1\/2&#8243; css=&#8220;.vc_custom_1638526736283{background-position: center !important;background-repeat: no-repeat !important;background-size: contain !important;}&#8220;][vc_single_image image=&#8220;2188&#8243; img_size=&#8220;full&#8220; alignment=&#8220;center&#8220; onclick=&#8220;custom_link&#8220; link=&#8220;http:\/\/izflowerhotel.com\/deniz-tarafi-standart-oda\/&#8220;][vc_btn title=&#8220;Standart Oda &#8211; Deniz Manzaral\u0131&#8220; style=&#8220;custom&#8220; custom_background=&#8220;rgba(163,144,70,0.65)&#8220; custom_text=&#8220;#ffffff&#8220; shape=&#8220;square&#8220; align=&#8220;center&#8220; i_align=&#8220;right&#8220; i_icon_fontawesome=&#8220;fas fa-angle-right&#8220; add_icon=&#8220;true&#8220; link=&#8220;url:http%3A%2F%2Fizflowerhotel.com%2Fdeniz-tarafi-standart-oda%2F|title:S%C3%BCit%20Odalar&#8220; css=&#8220;.vc_custom_1638541137874{margin-top: -120px !important;}&#8220;][\/vc_column_inner][\/vc_row_inner][vc_empty_space height=&#8220;84px&#8220;][\/vc_column][\/vc_row][vc_row][vc_column]<!-- Section About Promo --><div class=\"section  vc_custom_1640348042357\" id=\"features-section\" ><div class=\"widget-about-promo\" data-background=\"https:\/\/izflowerhotel.com\/wp-content\/uploads\/2021\/11\/Iz-Flower52_havuz-low.jpg\"><div class=\"wrapper-inner\"><div class=\"widget-inner\"><div class=\"row\"><div class=\"col-md-6\"><h5>HOTEL \u0130Z FLOWER S\u0130DE BEACH<\/h5><h2>Treffen von Blau &amp; Gr\u00fcn<\/h2>Das Hotel Iz Flower Side Beach, inmitten des tiefblauen Wassers des Mittelmeers und friedlichem Gr\u00fcn gelegen, bietet seinen G\u00e4sten aus aller Welt mit seinen 18000 m2 Fl\u00e4che, 259 Zimmern, All-Inclusive-Konzept und au\u00dfergew\u00f6hnlicher Stil, der Natur und Ruhe vereint.<\/p>\n<p>Das Hotel \u0130z Flower Side Beach liegt im Zentrum von Kumk\u00f6y, 5 km von der antiken Stadt Side mit ihrer historischen Struktur und faszinierenden Atmosph\u00e4re, 65 km vom Flughafen Antalya und 10 Fahrminuten vom Stadtzentrum von Manavgat entfernt.<\/div><\/div><\/div><\/div><\/div><\/div><!-- Section About Promo End -->[\/vc_column][\/vc_row][vc_row][vc_column]<!-- Section Features --><div id=\"our-facilities\" class=\"section \"><div class=\"widget-features-grid\"><div class=\"wrapper-inner\"><!-- Features Title --><div class=\"widget-title\"><h5>HOTEL \u0130Z FLOWER S\u0130DE BEACH<\/h5><h2>Entdecken Sie unser Hotel<\/h2><p>Kinder sind im \u0130z Flower Side Beach Hotel immer sehr gl\u00fccklich und wertvoll. In unserem Kids Club finden Sie spezielle Animateure und Spielpl\u00e4tze, die den Kinderurlaub unvergesslich machen.<\/p>\n<p>Dar\u00fcber hinaus wird Ihr Kind ein unvergessliches Urlaubserlebnis erleben, da den ganzen Tag \u00fcber spezielle Aktivit\u00e4ten, Spiele und Geschicklichkeitsaktivit\u00e4ten f\u00fcr Kinder organisiert werden.<br \/>\n<\/p><\/div><!-- Features Title End --><!-- Features Content --><div class=\"widget-inner\"><div class=\"row\"><div class=\"col-lg-4 col-sm-6\"><div class=\"features-item\" data-background=\"https:\/\/izflowerhotel.com\/wp-content\/uploads\/2021\/11\/Iz-Flower105-restoran-low-670x690.jpg\"><a href=\"https:\/\/izflowerhotel.com\/de\/restaurant-bar\/\" target=\"\"><h3>Restaurant & Bar<\/h3><p>Unsere Restaurants, in denen Sie reiche und k\u00f6stliche Variationen der t\u00fcrkischen und internationalen K\u00fcche finden k\u00f6nnen und wir haben unsere Bars, in denen wir die Getr\u00e4nke zubereiten, die Ihrem Urlaub Farbe verleihen, f\u00fcr Sie vorbereitet.<\/p><\/a> <\/div><\/div><div class=\"col-lg-4 col-sm-6\"><div class=\"features-item\" data-background=\"https:\/\/izflowerhotel.com\/wp-content\/uploads\/2021\/11\/Iz-Flower154-deniz-dik-low-1-670x690.jpg\"><a href=\"https:\/\/izflowerhotel.com\/de\/aktivitaeten\/\" target=\"\"><h3>Strand & Pool<\/h3><p>Wenn Sie m\u00f6chten, k\u00f6nnen Sie in unseren beiden Pools inmitten von Blau und Gr\u00fcn im Schatten der Palmen schwimmen oder an unserem goldgelben Strand am weltber\u00fchmten Kumk\u00f6y-Strand.<\/p><\/a> <\/div><\/div><div class=\"col-lg-4 col-sm-6\"><div class=\"features-item\" data-background=\"https:\/\/izflowerhotel.com\/wp-content\/uploads\/2021\/11\/Iz-Flower102-hamam-dik-low-670x690.jpg\"><a href=\"https:\/\/izflowerhotel.com\/de\/aktivitaeten\/\" target=\"\"><h3>Wellness & Spa<\/h3><p>Besuchen Sie unser Wellness & Spa, um die M\u00fcdigkeit des Jahres zu lindern und einen fitten und gesunden Urlaub zu verbringen und Sie k\u00f6nnen Ihren Urlaub in unserem t\u00fcrkischen Bad, in der Sauna, in den Massager\u00e4umen, in der Vitaminbar und im Fitnesscenter aufpeppen.<\/p><\/a> <\/div><\/div><div class=\"col-lg-4 col-sm-6\"><div class=\"features-item\" data-background=\"https:\/\/izflowerhotel.com\/wp-content\/uploads\/2021\/11\/Iz-Flower79-show-low-scaled-670x690.jpg\"><a href=\"https:\/\/izflowerhotel.com\/de\/aktivitaeten\/\" target=\"\"><h3>Aktivit\u00e4ten & Shows<\/h3><p>Angeboten in unserem Strandbereich; Mit Wassersportaktivit\u00e4ten wie Parasailing, Jetski, Banana, Ringo, Wasserski, Wakeboarding bietet das blaue Wasser des Mittelmeers Spa\u00df und Sport.\n\nF\u00fcr einen Abend, der zu einem sch\u00f6nen Tag passt, gibt es spezielle Shows und Unterhaltungsprogramme, die von professionellen Tanz- und Animationsteams organisiert werden, sowie Live-Auftritte am Pool. \u0130z Flower Side Beach verleiht den Abenden eine andere Farbe.\n<\/p><\/a> <\/div><\/div><div class=\"col-lg-4 col-sm-6\"><div class=\"features-item\" data-background=\"https:\/\/izflowerhotel.com\/wp-content\/uploads\/2021\/11\/Iz-Flower20-meeting-low-670x690.jpg\"><a href=\"https:\/\/izflowerhotel.com\/de\/aktivitaeten\/\" target=\"\"><h3>Tagung & Kongress<\/h3><p>Sie k\u00f6nnen sicher unseren Tagungsraum w\u00e4hlen, der f\u00fcr Gesch\u00e4ftstreffen und gesellschaftliche Organisationen, f\u00fcr Kongresse, Seminare, H\u00e4ndlertreffen, Produkteinf\u00fchrungen und alle gesellschaftlichen Organisationen konzipiert ist.<\/p><\/a> <\/div><\/div><div class=\"col-lg-4 col-sm-6\"><div class=\"features-item\" data-background=\"https:\/\/izflowerhotel.com\/wp-content\/uploads\/2021\/11\/Iz-Flower72-kids-low-670x690.jpg\"><a href=\"https:\/\/izflowerhotel.com\/de\/aktivitaeten\/\" target=\"\"><h3>Kinderclub<\/h3><p>Kinder sind im \u0130z Flower Side Beach Hotel immer sehr gl\u00fccklich und wertvoll. In unserem Kids Club finden Sie spezielle Animateure und Spielpl\u00e4tze, die den Kinderurlaub unvergesslich machen.<\/p><\/a> <\/div><\/div><\/div><\/div><!-- Features Content End --><\/div><\/div><\/div><!-- Section Features End -->[\/vc_column][\/vc_row][vc_row][vc_column]<!-- Section Gallery --><div class=\"section \" id=\"gallery-carousel\"><div class=\"widget-gallery-carousel\"><div class=\"wrapper-full-inner\"><!-- Gallery Title --><div class=\"widget-title\"><h5>HOTEL \u0130Z FLOWER S\u0130DE BEACH<\/h5><h2>Haben Sie sich unsere Galerie angesehen?<\/h2><p>Vergessen Sie nicht, einen Blick in unsere Galerie zu werfen, um das Hotel Iz Flower Side Beach besser kennenzulernen.<\/p><\/div><!-- Gallery Title End --><!-- Gallery Carousel --><div class=\"widget-carousel owl-carousel owl-theme\"><div class=\"gallery-item\"><a href=\"https:\/\/izflowerhotel.com\/wp-content\/uploads\/2021\/11\/Iz-Flower98-rest-mid-767x767.jpg\" data-background=\"https:\/\/izflowerhotel.com\/wp-content\/uploads\/2021\/11\/Iz-Flower98-rest-mid-767x767.jpg\"  class=\"grandium-popup-gallery\"><span class=\"item-text\"><a href=\"https:\/\/izflowerhotel.com\/gallery#rest\"><h2 style=\"text-align:center; color:white; margin-top:560px;\">Restaurant & Bar<\/h2><\/a><\/span> <\/a><\/div><div class=\"gallery-item\"><a href=\"https:\/\/izflowerhotel.com\/wp-content\/uploads\/2021\/11\/Iz-Flower149-deniz-mid-767x767.jpg\" data-background=\"https:\/\/izflowerhotel.com\/wp-content\/uploads\/2021\/11\/Iz-Flower149-deniz-mid-767x767.jpg\"  class=\"grandium-popup-gallery\"><span class=\"item-text\"><a href=\"https:\/\/izflowerhotel.com\/gallery#123\"><h2 style=\"text-align:center; color:white; margin-top:560px;\">Strand & Pool<\/h2><\/a><\/span> <\/a><\/div><div class=\"gallery-item\"><a href=\"https:\/\/izflowerhotel.com\/wp-content\/uploads\/2021\/11\/Iz-Flower100-spa-mid-767x767.jpg\" data-background=\"https:\/\/izflowerhotel.com\/wp-content\/uploads\/2021\/11\/Iz-Flower100-spa-mid-767x767.jpg\"  class=\"grandium-popup-gallery\"><span class=\"item-text\"><a href=\"https:\/\/izflowerhotel.com\/gallery#spa\"><h2 style=\"text-align:center; color:white; margin-top:560px;\">Wellness & Spa<\/h2><\/a><\/span> <\/a><\/div><div class=\"gallery-item\"><a href=\"https:\/\/izflowerhotel.com\/wp-content\/uploads\/2021\/11\/Iz-Flower108-show-mid-767x767.jpg\" data-background=\"https:\/\/izflowerhotel.com\/wp-content\/uploads\/2021\/11\/Iz-Flower108-show-mid-767x767.jpg\"  class=\"grandium-popup-gallery\"><span class=\"item-text\"><a href=\"https:\/\/izflowerhotel.com\/gallery#aktivite\"><h2 style=\"text-align:center; color:white; margin-top:560px;\">Aktivit\u00e4ten & Shows<\/h2><\/a><\/span> <\/a><\/div><div class=\"gallery-item\"><a href=\"https:\/\/izflowerhotel.com\/wp-content\/uploads\/2021\/11\/Iz-Flower20-toplanti-mid-767x767.jpg\" data-background=\"https:\/\/izflowerhotel.com\/wp-content\/uploads\/2021\/11\/Iz-Flower20-toplanti-mid-767x767.jpg\"  class=\"grandium-popup-gallery\"><span class=\"item-text\"><a href=\"https:\/\/izflowerhotel.com\/gallery#genel\"><h2 style=\"text-align:center; color:white; margin-top:560px;\">Tagung & Kongress<\/h2><\/a><\/span> <\/a><\/div><div class=\"gallery-item\"><a href=\"https:\/\/izflowerhotel.com\/wp-content\/uploads\/2021\/11\/Iz-Flower12-rooms-767x767.jpg\" data-background=\"https:\/\/izflowerhotel.com\/wp-content\/uploads\/2021\/11\/Iz-Flower12-rooms-767x767.jpg\"  class=\"grandium-popup-gallery\"><span class=\"item-text\"><a href=\"https:\/\/izflowerhotel.com\/gallery#oda\"><h2 style=\"text-align:center; color:white; margin-top:560px;\">Unsere Zimmer<\/h2><\/a><\/span> <\/a><\/div><div class=\"gallery-item\"><a href=\"https:\/\/izflowerhotel.com\/wp-content\/uploads\/2021\/11\/Iz-Flower91-aqua-767x767.jpg\" data-background=\"https:\/\/izflowerhotel.com\/wp-content\/uploads\/2021\/11\/Iz-Flower91-aqua-767x767.jpg\"  class=\"grandium-popup-gallery\"><span class=\"item-text\"><a href=\"https:\/\/izflowerhotel.com\/gallery#123\"><h2 style=\"text-align:center; color:white; margin-top:560px;\">Wasserpark<\/h2><\/a><\/span> <\/a><\/div><div class=\"gallery-item\"><a href=\"https:\/\/izflowerhotel.com\/wp-content\/uploads\/2021\/11\/Iz-Flower78-genel-767x767.jpg\" data-background=\"https:\/\/izflowerhotel.com\/wp-content\/uploads\/2021\/11\/Iz-Flower78-genel-767x767.jpg\"  class=\"grandium-popup-gallery\"><span class=\"item-text\"><a href=\"https:\/\/izflowerhotel.com\/gallery#genel\"><h2 style=\"text-align:center; color:white; margin-top:560px;\">Gesamtansicht<\/h2><\/a><\/span> <\/a><\/div><div class=\"gallery-item\"><a href=\"https:\/\/izflowerhotel.com\/wp-content\/uploads\/2021\/11\/Iz-Flower113-kidsclub-767x767.jpg\" data-background=\"https:\/\/izflowerhotel.com\/wp-content\/uploads\/2021\/11\/Iz-Flower113-kidsclub-767x767.jpg\"  class=\"grandium-popup-gallery\"><span class=\"item-text\"><a href=\"https:\/\/izflowerhotel.com\/gallery#aktivite\"><h2 style=\"text-align:center; color:white; margin-top:560px;\">Kinderclub<\/h2><\/a><\/span> <\/a><\/div><\/div><!-- Gallery Carousel End --><\/div><\/div><\/div><!-- Section Gallery End -->[vc_btn title=&#8220;Schauen Sie in unsere Galerie&#8220; style=&#8220;outline&#8220; color=&#8220;chino&#8220; size=&#8220;lg&#8220; align=&#8220;center&#8220; i_align=&#8220;right&#8220; i_icon_fontawesome=&#8220;fas fa-angle-right&#8220; css_animation=&#8220;fadeIn&#8220; button_block=&#8220;true&#8220; add_icon=&#8220;true&#8220; link=&#8220;url:https%3A%2F%2Fizflowerhotel.com%2Fde%2Fgalerie%2F|title:Galerie&#8220;][\/vc_column][\/vc_row][vc_row][vc_column]<!-- Section Video --><div class=\"section  vc_custom_1640348136908\" id=\"video-section\"><div class=\"widget-video-full\" data-background=\"\"><div class=\"wrapper-full-inner\"><!-- Video Title --><div class=\"widget-title\"><h5><\/h5><h2>Haben Sie unseren Werbefilm gesehen?<\/h2><p>Um das Hotel \u0130z Flower Side Beach besser kennenzulernen, vergessen Sie nicht, unseren Werbefilm anzusehen und unseren YouTube-Kanal zu abonnieren.<\/p><\/div>\r\n                <!-- Video Title End -->\r\n                <!-- Video Content --><div class=\"widget-inner\"><a href=\"https:\/\/www.youtube.com\/watch?v=xqFQYr2ChQI\" class=\"video-play popup-video\"><i class=\"fa fa-play\"><\/i><\/a><\/div><!-- Video Content End -->\r\n           <\/div>\r\n       <\/div>\r\n    <\/div>\r\n    <!-- Section Video End -->[\/vc_column][\/vc_row]<\/p>\n","protected":false},"excerpt":{"rendered":"<p>[vc_row full_width=&#8220;stretch_row&#8220;][vc_column][\/vc_column][\/vc_row][vc_row content_placement=&#8220;top&#8220; grandium_select_container=&#8220;topandbottom&#8220; css=&#8220;.vc_custom_1638526863639{margin-top: -90px !important;margin-right: 50px !important;margin-left: 50px !important;}&#8220;][vc_column][vc_row_inner gap=&#8220;35&#8243;][vc_column_inner width=&#8220;1\/2&#8243; css=&#8220;.vc_custom_1638526672324{background-position: center !important;background-repeat: no-repeat !important;background-size: contain !important;}&#8220;][vc_single_image image=&#8220;2545&#8243; img_size=&#8220;full&#8220; alignment=&#8220;center&#8220; onclick=&#8220;custom_link&#8220; link=&#8220;http:\/\/izflowerhotel.com\/suits\/&#8220;][vc_btn title=&#8220;S\u00fcit Odalar&#8220;&#8230;<\/p>\n","protected":false},"author":1,"featured_media":0,"parent":0,"menu_order":0,"comment_status":"closed","ping_status":"closed","template":"frontpage.php","meta":{"footnotes":""},"class_list":["post-2829","page","type-page","status-publish","hentry"],"_links":{"self":[{"href":"https:\/\/izflowerhotel.com\/de\/wp-json\/wp\/v2\/pages\/2829","targetHints":{"allow":["GET"]}}],"collection":[{"href":"https:\/\/izflowerhotel.com\/de\/wp-json\/wp\/v2\/pages"}],"about":[{"href":"https:\/\/izflowerhotel.com\/de\/wp-json\/wp\/v2\/types\/page"}],"author":[{"embeddable":true,"href":"https:\/\/izflowerhotel.com\/de\/wp-json\/wp\/v2\/users\/1"}],"replies":[{"embeddable":true,"href":"https:\/\/izflowerhotel.com\/de\/wp-json\/wp\/v2\/comments?post=2829"}],"version-history":[{"count":5,"href":"https:\/\/izflowerhotel.com\/de\/wp-json\/wp\/v2\/pages\/2829\/revisions"}],"predecessor-version":[{"id":2920,"href":"https:\/\/izflowerhotel.com\/de\/wp-json\/wp\/v2\/pages\/2829\/revisions\/2920"}],"wp:attachment":[{"href":"https:\/\/izflowerhotel.com\/de\/wp-json\/wp\/v2\/media?parent=2829"}],"curies":[{"name":"wp","href":"https:\/\/api.w.org\/{rel}","templated":true}]}}