{"id":2811,"date":"2021-12-08T15:04:59","date_gmt":"2021-12-08T15:04:59","guid":{"rendered":"https:\/\/izflowerhotel.com\/hotel-konsept\/"},"modified":"2021-12-24T12:06:15","modified_gmt":"2021-12-24T12:06:15","slug":"hotelkonzept","status":"publish","type":"page","link":"https:\/\/izflowerhotel.com\/de\/hotelkonzept\/","title":{"rendered":"Hotelkonzept"},"content":{"rendered":"<p>[vc_row][vc_column][vc_column_text]<\/p>\n<h2 style=\"text-align: center;\">SOMMERSAISON ALL INCLUSIVE KONZEPT KOSTENLOSE DIENSTLEISTUNGEN<\/h2>\n<p>[\/vc_column_text][vc_row_inner][vc_column_inner width=&#8220;1\/2&#8243;][vc_column_text]<\/p>\n<ul>\n<li>Minibar (nur Wasser)<\/li>\n<li>Sonnenliegen<\/li>\n<li>Miniclub<\/li>\n<li>Zwischen 10:00-00:00 alkoholische und alkoholfreie Getr\u00e4nke (lokal)<\/li>\n<li>Fitness Center<\/li>\n<li>1xAlacarte Restaurant pro Woche gegen Reservierung<\/li>\n<li>Ganzt\u00e4gige Animationsaktivit\u00e4ten<\/li>\n<\/ul>\n<p>[\/vc_column_text][\/vc_column_inner][vc_column_inner width=&#8220;1\/2&#8243;][vc_column_text]<\/p>\n<ul>\n<li>Aerobic \/ Gymnastik \/ Step<\/li>\n<li>Fitness Center<\/li>\n<li>T\u00fcrkisches Bad, Sauna<\/li>\n<li>Wasserrutsche (mit Uhr)<\/li>\n<li>Schlie\u00dffach<\/li>\n<li>W-Lan<\/li>\n<\/ul>\n<p>[\/vc_column_text][\/vc_column_inner][\/vc_row_inner][\/vc_column][\/vc_row][vc_row][vc_column][vc_empty_space][vc_empty_space][\/vc_column][\/vc_row][vc_row][vc_column][vc_column_text]<\/p>\n<h2 style=\"text-align: center;\">SOMMERSAISON ALL-INCLUSIVE-GEGEN GEB\u00dcHR KONZEPT LEISTUNGEN<\/h2>\n<p>[\/vc_column_text][vc_row_inner][vc_column_inner width=&#8220;1\/2&#8243;][vc_column_text]<\/p>\n<ul>\n<li>Telefon<\/li>\n<li>Fax&amp;Kopie<\/li>\n<li>Strandtuchwechsel<\/li>\n<li>Autovermietungsservice<\/li>\n<li>Kinderwagenverleih<\/li>\n<li>Arztdienste<\/li>\n<li>Fotodienste<\/li>\n<li>Wassersport<\/li>\n<li>Friseurdienstleistungen<\/li>\n<\/ul>\n<p>[\/vc_column_text][\/vc_column_inner][vc_column_inner width=&#8220;1\/2&#8243;][vc_column_text]<\/p>\n<ul>\n<li style=\"text-align: left;\">Markt<\/li>\n<li style=\"text-align: left;\">W\u00e4scheservice (Waschen und B\u00fcgeln)<\/li>\n<li style=\"text-align: left;\">Spa-Dienstleistungen (Massage, Peeling und Schaum)<\/li>\n<li style=\"text-align: left;\">Importierte Getr\u00e4nke<\/li>\n<li style=\"text-align: left;\">Frisch gepresste Fruchts\u00e4fte<\/li>\n<li style=\"text-align: left;\">Cocktails<\/li>\n<li style=\"text-align: left;\">Steakhouse Alacarte Restaurant<\/li>\n<li style=\"text-align: left;\">Eis<\/li>\n<li style=\"text-align: left;\">Billard<\/li>\n<\/ul>\n<p>[\/vc_column_text][\/vc_column_inner][\/vc_row_inner][\/vc_column][\/vc_row][vc_row][vc_column][vc_column_text]<em><strong>Je nach Jahreszeit, Wetter und ver\u00f6ffentlichten Umlaufbedingungen k\u00f6nnen von der Gesch\u00e4ftsleitung \u00c4nderungen an unseren Dienstleistungen vorgenommen werden.<\/strong><\/em>[\/vc_column_text][\/vc_column][\/vc_row]<\/p>\n","protected":false},"excerpt":{"rendered":"<p>[vc_row][vc_column][vc_column_text] SOMMERSAISON ALL INCLUSIVE KONZEPT KOSTENLOSE DIENSTLEISTUNGEN [\/vc_column_text][vc_row_inner][vc_column_inner width=&#8220;1\/2&#8243;][vc_column_text] Minibar (nur Wasser) Sonnenliegen Miniclub Zwischen 10:00-00:00 alkoholische und alkoholfreie Getr\u00e4nke (lokal) Fitness Center 1xAlacarte Restaurant pro Woche&#8230;<\/p>\n","protected":false},"author":1,"featured_media":2599,"parent":0,"menu_order":0,"comment_status":"closed","ping_status":"closed","template":"","meta":{"footnotes":""},"class_list":["post-2811","page","type-page","status-publish","has-post-thumbnail","hentry"],"_links":{"self":[{"href":"https:\/\/izflowerhotel.com\/de\/wp-json\/wp\/v2\/pages\/2811","targetHints":{"allow":["GET"]}}],"collection":[{"href":"https:\/\/izflowerhotel.com\/de\/wp-json\/wp\/v2\/pages"}],"about":[{"href":"https:\/\/izflowerhotel.com\/de\/wp-json\/wp\/v2\/types\/page"}],"author":[{"embeddable":true,"href":"https:\/\/izflowerhotel.com\/de\/wp-json\/wp\/v2\/users\/1"}],"replies":[{"embeddable":true,"href":"https:\/\/izflowerhotel.com\/de\/wp-json\/wp\/v2\/comments?post=2811"}],"version-history":[{"count":3,"href":"https:\/\/izflowerhotel.com\/de\/wp-json\/wp\/v2\/pages\/2811\/revisions"}],"predecessor-version":[{"id":2819,"href":"https:\/\/izflowerhotel.com\/de\/wp-json\/wp\/v2\/pages\/2811\/revisions\/2819"}],"wp:featuredmedia":[{"embeddable":true,"href":"https:\/\/izflowerhotel.com\/de\/wp-json\/wp\/v2\/media\/2599"}],"wp:attachment":[{"href":"https:\/\/izflowerhotel.com\/de\/wp-json\/wp\/v2\/media?parent=2811"}],"curies":[{"name":"wp","href":"https:\/\/api.w.org\/{rel}","templated":true}]}}