{"id":2795,"date":"2016-07-21T12:23:43","date_gmt":"2016-07-21T12:23:43","guid":{"rendered":"https:\/\/izflowerhotel.com\/otelimiz\/"},"modified":"2022-01-25T08:37:55","modified_gmt":"2022-01-25T08:37:55","slug":"unser-hotel","status":"publish","type":"page","link":"https:\/\/izflowerhotel.com\/de\/unser-hotel\/","title":{"rendered":"UNSER HOTEL"},"content":{"rendered":"<p>[vc_row][vc_column]<!-- Section About Promo --><div class=\"section \" id=\"about-section\" ><div class=\"widget-about-promo\" data-background=\"https:\/\/izflowerhotel.com\/wp-content\/uploads\/2021\/11\/Iz-Flower95-hakkimizda-med.jpg\"><div class=\"wrapper-inner\"><div class=\"widget-inner\"><div class=\"row\"><div class=\"col-md-6\"><h2>\u00dcber uns<\/h2>Das Hotel Iz Flower Side Beach, inmitten des tiefblauen Wassers des Mittelmeers und friedlichem Gr\u00fcn gelegen, bietet seinen G\u00e4sten aus aller Welt mit seinen 18000 m2 Fl\u00e4che, 259 Zimmern, All-Inclusive-Konzept und au\u00dfergew\u00f6hnlicher Stil, der Natur und Ruhe vereint.<\/p>\n<p>Das Hotel \u0130z Flower Side Beach liegt im Zentrum von Kumk\u00f6y, 5 km von der antiken Stadt Side mit ihrer historischen Struktur und faszinierenden Atmosph\u00e4re, 65 km vom Flughafen Antalya und 10 Fahrminuten vom Stadtzentrum von Manavgat entfernt.<\/div><\/div><\/div><\/div><\/div><\/div><!-- Section About Promo End -->[\/vc_column][\/vc_row][vc_row][vc_column]<!-- Section Video --><div class=\"section  vc_custom_1640346660687\" id=\"video\"><div class=\"widget-video-full\" data-background=\"https:\/\/izflowerhotel.com\/wp-content\/uploads\/2021\/11\/Iz-Flower78_video-low.jpg\"><div class=\"wrapper-full-inner\"><!-- Video Title --><div class=\"widget-title\"><h5><\/h5><h2>Haben Sie unseren Werbefilm gesehen?<\/h2><p>Um das Hotel \u0130z Flower Side Beach besser kennenzulernen, vergessen Sie nicht, unseren Werbefilm anzusehen und unseren YouTube-Kanal zu abonnieren.<\/p><\/div>\r\n                <!-- Video Title End -->\r\n                <!-- Video Content --><div class=\"widget-inner\"><a href=\"https:\/\/www.youtube.com\/watch?v=xqFQYr2ChQI\" class=\"video-play popup-video\"><i class=\"fa fa-play\"><\/i><\/a><\/div><!-- Video Content End -->\r\n           <\/div>\r\n       <\/div>\r\n    <\/div>\r\n    <!-- Section Video End -->[\/vc_column][\/vc_row][vc_row full_width=&#8220;stretch_row&#8220; gap=&#8220;30&#8243; content_placement=&#8220;middle&#8220;][vc_column width=&#8220;1\/3&#8243;][vc_empty_space][vc_empty_space][vc_empty_space][vc_row_inner css=&#8220;.vc_custom_1637933936527{margin-right: 30px !important;margin-left: 30px !important;border-right-width: 50px !important;border-left-width: 50px !important;padding-right: 50px !important;padding-left: 50px !important;background-color: #ffffff !important;}&#8220;][vc_column_inner][vc_empty_space][vc_empty_space][vc_custom_heading text=&#8220;Hotelkonzept&#8220; font_container=&#8220;tag:h1|text_align:center&#8220; google_fonts=&#8220;font_family:Playfair%20Display%3Aregular%2Citalic%2C700%2C700italic%2C900%2C900italic|font_style:400%20regular%3A400%3Anormal&#8220;][vc_column_text]<\/p>\n<p style=\"text-align: center;\">F\u00fcr detaillierte Informationen zu unserem All-Inclusive-Konzept k\u00f6nnen Sie unsere Konzeptdatei herunterladen, indem Sie auf den Button &#8222;Review&#8220; klicken. Bei weiteren Fragen zu unserem Hotel k\u00f6nnen Sie uns gerne anrufen.<\/p>\n<p>[\/vc_column_text][vc_empty_space][vc_empty_space][vc_btn title=&#8220;Bewertung&#8220; style=&#8220;flat&#8220; color=&#8220;chino&#8220; size=&#8220;lg&#8220; align=&#8220;center&#8220; link=&#8220;url:https%3A%2F%2Fizflowerhotel.com%2Fwp-content%2Fuploads%2F2021%2F12%2FIZ-FLOWER-SIDE-BEACH-CONCEPT-almanca.xls|title:%C4%B0ncele&#8220;][vc_empty_space][vc_empty_space][\/vc_column_inner][\/vc_row_inner][vc_empty_space][vc_empty_space][\/vc_column][vc_column width=&#8220;1\/3&#8243;][vc_empty_space][vc_empty_space][vc_empty_space][vc_row_inner css=&#8220;.vc_custom_1637933964285{margin-right: 30px !important;margin-left: 30px !important;border-right-width: 50px !important;border-left-width: 50px !important;padding-right: 50px !important;padding-left: 50px !important;background-color: #ffffff !important;}&#8220;][vc_column_inner][vc_empty_space][vc_empty_space][vc_custom_heading text=&#8220;FactSheet&#8220; font_container=&#8220;tag:h1|text_align:center&#8220; google_fonts=&#8220;font_family:Playfair%20Display%3Aregular%2Citalic%2C700%2C700italic%2C900%2C900italic|font_style:400%20regular%3A400%3Anormal&#8220;][vc_column_text]<\/p>\n<p style=\"text-align: center;\">Sie k\u00f6nnen die FactSheet-Datei mit allen Details zu unserem Hotel herunterladen, indem Sie auf den Button &#8222;Review&#8220; klicken. Bei weiteren Fragen zu unserem Hotel k\u00f6nnen Sie uns gerne anrufen.<\/p>\n<p>[\/vc_column_text][vc_empty_space][vc_empty_space][vc_btn title=&#8220;Bewertung&#8220; style=&#8220;flat&#8220; color=&#8220;chino&#8220; size=&#8220;lg&#8220; align=&#8220;center&#8220; link=&#8220;url:https%3A%2F%2Fizflowerhotel.com%2Fwp-content%2Fuploads%2F2021%2F12%2FIZ-FLOWER-SIDE-BEACH-Fact-Sheet-ALM-2022.docx|title:Herunterladen%20&#8243;][vc_empty_space][vc_empty_space][\/vc_column_inner][\/vc_row_inner][vc_empty_space][vc_empty_space][\/vc_column][vc_column width=&#8220;1\/3&#8243;][vc_empty_space][vc_empty_space][vc_empty_space][vc_row_inner css=&#8220;.vc_custom_1637933982003{margin-right: 30px !important;margin-left: 30px !important;border-right-width: 50px !important;border-left-width: 50px !important;padding-right: 50px !important;padding-left: 50px !important;background-color: #ffffff !important;}&#8220;][vc_column_inner][vc_empty_space][vc_empty_space][vc_custom_heading text=&#8220;Agentur&#8220; font_container=&#8220;tag:h1|text_align:center&#8220; google_fonts=&#8220;font_family:Playfair%20Display%3Aregular%2Citalic%2C700%2C700italic%2C900%2C900italic|font_style:400%20regular%3A400%3Anormal&#8220;][vc_column_text]<\/p>\n<p style=\"text-align: center;\">Sie k\u00f6nnen die Fact Sheet-Datei herunterladen, die alle Details \u00fcber unser Hotel enth\u00e4lt, indem Sie auf die Schaltfl\u00e4che &#8222;Bewertung&#8220; klicken.Sie k\u00f6nnen uns f\u00fcr alle anderen Fragen zu unserem Hotel anrufen.<\/p>\n<p>[\/vc_column_text][vc_empty_space][vc_empty_space][vc_btn title=&#8220;Bewertung&#8220; style=&#8220;flat&#8220; color=&#8220;chino&#8220; size=&#8220;lg&#8220; align=&#8220;center&#8220; link=&#8220;url:http%3A%2F%2Fizflowerhotel.com%2Fwp-content%2Fuploads%2F2021%2F11%2FIZ-FLOWER-SIDE-BEACH-FACT-SHEET-TR.docx|title:%C4%B0ndir&#8220;][vc_empty_space][vc_empty_space][\/vc_column_inner][\/vc_row_inner][vc_empty_space][vc_empty_space][\/vc_column][\/vc_row][vc_row css=&#8220;.vc_custom_1638520724001{background-color: #ffffff !important;}&#8220;][vc_column][vc_empty_space height=&#8220;64px&#8220;][vc_row_inner][vc_column_inner][vc_column_text]<\/p>\n<h1 style=\"text-align: center;\">Unsere Agenten<\/h1>\n<p>[\/vc_column_text][vc_column_text]<div  class=\"lgx_logo_slider_app_wrapper lgx-logo-slider-wp\"><div class=\"lgx-logo-wrapper  nav-position-b-center hover-default\"  ><div class=\"owl-carousel lgx-logo-carousel\"  data-autoplaytimeout=\"2000\"  data-autoplayspeed=\"1000\"  data-margin=\"10\"  data-loop=\"true\"  data-autoplay=\"true\"  data-autoplayhoverpause=\"false\"  data-dots=\"false\"  data-itemlarge=\"5\"  data-itemdesk=\"4\"  data-itemtablet=\"3\"  data-itemmobile=\"2\"  data-navlarge=\"true\"  data-navdesk=\"true\"  data-navtablet=\"true\"  data-navmobile=\"true\"  ><div class=\"item lgx-log-item\" ><div class=\"lgx-logo-item\" ><a href=\"https:\/\/www.otelrezervasyonsistemi.com\/en\/\" target=\"_blank\"><img decoding=\"async\" class=\"lgx-logo-img skip-lazy\" src=\"https:\/\/izflowerhotel.com\/wp-content\/uploads\/2021\/12\/ors.jpg\" style=\"max-width: 200px;max-height: 200px;\"   alt=\"\" title=\"ORS\" \/><\/a><\/div><\/div><div class=\"item lgx-log-item\" ><div class=\"lgx-logo-item\" ><a href=\"https:\/\/fischer-reisen.at\/home\" target=\"_blank\"><img decoding=\"async\" class=\"lgx-logo-img skip-lazy\" src=\"https:\/\/izflowerhotel.com\/wp-content\/uploads\/2021\/12\/fischer-logo.jpg\" style=\"max-width: 200px;max-height: 200px;\"   alt=\"\" title=\"Fischer Touristik\" \/><\/a><\/div><\/div><div class=\"item lgx-log-item\" ><div class=\"lgx-logo-item\" ><a href=\"http:\/\/www.fibula.com\" target=\"_blank\"><img decoding=\"async\" class=\"lgx-logo-img skip-lazy\" src=\"https:\/\/izflowerhotel.com\/wp-content\/uploads\/2021\/12\/fibula.jpg\" style=\"max-width: 200px;max-height: 200px;\"   alt=\"\" title=\"Fibula Travel\" \/><\/a><\/div><\/div><div class=\"item lgx-log-item\" ><div class=\"lgx-logo-item\" ><a href=\"https:\/\/www.vtours.com\/de\/\" target=\"_blank\"><img decoding=\"async\" class=\"lgx-logo-img skip-lazy\" src=\"https:\/\/izflowerhotel.com\/wp-content\/uploads\/2021\/12\/Vtours-logo.jpg\" style=\"max-width: 200px;max-height: 200px;\"   alt=\"\" title=\"VTours\" \/><\/a><\/div><\/div><div class=\"item lgx-log-item\" ><div class=\"lgx-logo-item\" ><a href=\"https:\/\/mixxtravel.com\" target=\"_blank\"><img decoding=\"async\" class=\"lgx-logo-img skip-lazy\" src=\"https:\/\/izflowerhotel.com\/wp-content\/uploads\/2021\/12\/mixx-travel-logo.jpg\" style=\"max-width: 200px;max-height: 200px;\"   alt=\"\" title=\"Mixx Travel\" \/><\/a><\/div><\/div><div class=\"item lgx-log-item\" ><div class=\"lgx-logo-item\" ><a href=\"https:\/\/www.eximtours.cz\" target=\"_blank\"><img decoding=\"async\" class=\"lgx-logo-img skip-lazy\" src=\"https:\/\/izflowerhotel.com\/wp-content\/uploads\/2021\/12\/exim-tours-logo.jpg\" style=\"max-width: 200px;max-height: 200px;\"   alt=\"\" title=\"Exim Tours\" \/><\/a><\/div><\/div><div class=\"item lgx-log-item\" ><div class=\"lgx-logo-item\" ><a href=\"https:\/\/www.byebye.de\" target=\"_blank\"><img decoding=\"async\" class=\"lgx-logo-img skip-lazy\" src=\"https:\/\/izflowerhotel.com\/wp-content\/uploads\/2021\/12\/bye-bye-logo.jpg\" style=\"max-width: 200px;max-height: 200px;\"   alt=\"\" title=\"Bye Bye\" \/><\/a><\/div><\/div><div class=\"item lgx-log-item\" ><div class=\"lgx-logo-item\" ><a href=\"https:\/\/www.anextour.com\" target=\"_blank\"><img decoding=\"async\" class=\"lgx-logo-img skip-lazy\" src=\"https:\/\/izflowerhotel.com\/wp-content\/uploads\/2021\/12\/anex-tour-logo.jpg\" style=\"max-width: 200px;max-height: 200px;\"   alt=\"\" title=\"Anex Tour\" \/><\/a><\/div><\/div><div class=\"item lgx-log-item\" ><div class=\"lgx-logo-item\" ><a href=\"https:\/\/www.alltours.de\" target=\"_blank\"><img decoding=\"async\" class=\"lgx-logo-img skip-lazy\" src=\"https:\/\/izflowerhotel.com\/wp-content\/uploads\/2021\/12\/alltours-logo.jpg\" style=\"max-width: 200px;max-height: 200px;\"   alt=\"\" title=\"Alltours\" \/><\/a><\/div><\/div><\/div><\/div><\/div>[\/vc_column_text][\/vc_column_inner][\/vc_row_inner][\/vc_column][\/vc_row]<\/p>\n","protected":false},"excerpt":{"rendered":"<p>[vc_row][vc_column][\/vc_column][\/vc_row][vc_row][vc_column][\/vc_column][\/vc_row][vc_row full_width=&#8220;stretch_row&#8220; gap=&#8220;30&#8243; content_placement=&#8220;middle&#8220;][vc_column width=&#8220;1\/3&#8243;][vc_empty_space][vc_empty_space][vc_empty_space][vc_row_inner css=&#8220;.vc_custom_1637933936527{margin-right: 30px !important;margin-left: 30px !important;border-right-width: 50px !important;border-left-width: 50px !important;padding-right: 50px !important;padding-left: 50px !important;background-color: #ffffff !important;}&#8220;][vc_column_inner][vc_empty_space][vc_empty_space][vc_custom_heading text=&#8220;Hotelkonzept&#8220; font_container=&#8220;tag:h1|text_align:center&#8220; google_fonts=&#8220;font_family:Playfair%20Display%3Aregular%2Citalic%2C700%2C700italic%2C900%2C900italic|font_style:400%20regular%3A400%3Anormal&#8220;][vc_column_text] F\u00fcr detaillierte Informationen zu&#8230;<\/p>\n","protected":false},"author":1,"featured_media":2062,"parent":0,"menu_order":0,"comment_status":"closed","ping_status":"closed","template":"fullwidth-page.php","meta":{"footnotes":""},"class_list":["post-2795","page","type-page","status-publish","has-post-thumbnail","hentry"],"_links":{"self":[{"href":"https:\/\/izflowerhotel.com\/de\/wp-json\/wp\/v2\/pages\/2795","targetHints":{"allow":["GET"]}}],"collection":[{"href":"https:\/\/izflowerhotel.com\/de\/wp-json\/wp\/v2\/pages"}],"about":[{"href":"https:\/\/izflowerhotel.com\/de\/wp-json\/wp\/v2\/types\/page"}],"author":[{"embeddable":true,"href":"https:\/\/izflowerhotel.com\/de\/wp-json\/wp\/v2\/users\/1"}],"replies":[{"embeddable":true,"href":"https:\/\/izflowerhotel.com\/de\/wp-json\/wp\/v2\/comments?post=2795"}],"version-history":[{"count":5,"href":"https:\/\/izflowerhotel.com\/de\/wp-json\/wp\/v2\/pages\/2795\/revisions"}],"predecessor-version":[{"id":2857,"href":"https:\/\/izflowerhotel.com\/de\/wp-json\/wp\/v2\/pages\/2795\/revisions\/2857"}],"wp:featuredmedia":[{"embeddable":true,"href":"https:\/\/izflowerhotel.com\/de\/wp-json\/wp\/v2\/media\/2062"}],"wp:attachment":[{"href":"https:\/\/izflowerhotel.com\/de\/wp-json\/wp\/v2\/media?parent=2795"}],"curies":[{"name":"wp","href":"https:\/\/api.w.org\/{rel}","templated":true}]}}