{"id":2748,"date":"2021-11-16T10:38:03","date_gmt":"2021-11-16T10:38:03","guid":{"rendered":"https:\/\/izflowerhotel.com\/%d1%80%d0%b5%d1%81%d1%82%d0%be%d1%80%d0%b0%d0%bd-%d0%b8-%d0%b1%d0%b0%d1%80\/"},"modified":"2023-07-26T06:39:35","modified_gmt":"2023-07-26T06:39:35","slug":"restaurant-bar","status":"publish","type":"page","link":"https:\/\/izflowerhotel.com\/de\/restaurant-bar\/","title":{"rendered":"Restaurant &#038; Bar"},"content":{"rendered":"<p>[vc_row grandium_select_container=&#8220;topandbottom&#8220;][vc_column]<!-- Section Services --><div class=\"section  vc_custom_1690353573412\" id=\"rest\"><div class=\"wrapper-inner\"><!-- Services List --><div class=\"widget-services-list\"><div class=\"services-item\"><div class=\"item-photo\"><div class=\"photo-big\" data-background=\"https:\/\/izflowerhotel.com\/wp-content\/uploads\/2021\/11\/MG_6321-mexica-low.jpg\"><\/div><div class=\"photo-small\" data-background=\"https:\/\/izflowerhotel.com\/wp-content\/uploads\/2021\/11\/MG_6314-mexica-low.jpg\"><\/div><\/div><div class=\"item-desc\"><h2>Mexikanisches A'La-Carte-Restaurant<\/h2><p style=\" font-size:14px!important; line-height:22px!important;\">Eine authentische und einzigartige Reise erwartet Sie mit den exklusivsten Aromen der mexikanischen K\u00fcche in einer romantischen Atmosph\u00e4re am Meer.<\/p><\/div><\/div><div class=\"services-item\"><div class=\"item-photo\"><div class=\"photo-big\" data-background=\"https:\/\/izflowerhotel.com\/wp-content\/uploads\/2021\/11\/Iz-Flower74_akdeniz_low.jpg\"><\/div><div class=\"photo-small\" data-background=\"https:\/\/izflowerhotel.com\/wp-content\/uploads\/2021\/11\/Iz-Flower98_akdeniz-low.jpg\"><\/div><\/div><div class=\"item-desc\"><h2>T\u00fcrkisches A'LaCarte-Restaurant<\/h2><p style=\" font-size:14px!important; line-height:22px!important;\">In einer bezaubernden Atmosph\u00e4re, in der sich endloses Blau und Gr\u00fcn kreuzen, finden Sie im t\u00fcrkischen Restaurant gesunde Geschm\u00e4cker, die jeden Gaumen erfreuen, mit einer reichhaltigen Speisekarte bestehend aus den frischesten Produkten der t\u00fcrkischen K\u00fcche, begleitet vom Sonnenuntergang.<\/p><\/div><\/div><div class=\"services-item\"><div class=\"item-photo\"><div class=\"photo-big\" data-background=\"https:\/\/izflowerhotel.com\/wp-content\/uploads\/2021\/11\/Iz-Flower121-steakhouse-low.jpg\"><\/div><div class=\"photo-small\" data-background=\"https:\/\/izflowerhotel.com\/wp-content\/uploads\/2021\/11\/Iz-Flower41-steakhouse-low.jpg\"><\/div><\/div><div class=\"item-desc\"><h2>Steak-House<\/h2><p style=\" font-size:14px!important; line-height:22px!important;\">Im stilvollen Ambiente des Steak House Restaurants, am Treffpunkt von Fleisch und Feuer, wird es von erfahrenen K\u00f6chen auf Ihren Teller gebracht. Wir laden Sie zu einem einzigartigen A'la Carte Erlebnis ein, begleitet von Sides weltber\u00fchmtem Sonnenuntergang.<\/p><\/div><\/div><div class=\"services-item\"><div class=\"item-photo\"><div class=\"photo-big\" data-background=\"https:\/\/izflowerhotel.com\/wp-content\/uploads\/2021\/11\/Iz-Flower131_lobibar-2-low-s.jpg\"><\/div><div class=\"photo-small\" data-background=\"https:\/\/izflowerhotel.com\/wp-content\/uploads\/2021\/11\/Iz-Flower19_lobibar-low.jpg\"><\/div><\/div><div class=\"item-desc\"><h2>Lobby-Bar<\/h2><p style=\" font-size:14px!important; line-height:22px!important;\">In der Lobby Bar k\u00f6nnen Sie zwischen lokalen und importierten alkoholischen Getr\u00e4nken sowie hei\u00dfen und kalten Getr\u00e4nken w\u00e4hlen, wo Sie bei Ihrer Ankunft im Iz Flower Side BeachHotel immer mit einem l\u00e4chelnden Gesicht begr\u00fc\u00dft werden und den Moment genie\u00dfen k\u00f6nnen.<\/p><\/div><\/div><div class=\"services-item\"><div class=\"item-photo\"><div class=\"photo-big\" data-background=\"https:\/\/izflowerhotel.com\/wp-content\/uploads\/2021\/11\/Iz-Flower68_1_beachbar-low.jpg\"><\/div><div class=\"photo-small\" data-background=\"https:\/\/izflowerhotel.com\/wp-content\/uploads\/2021\/11\/mohito.jpg\"><\/div><\/div><div class=\"item-desc\"><h2>Strandbar<\/h2><p style=\" font-size:14px!important; line-height:22px!important;\">Am breiten und weitl\u00e4ufigen Strand des Hotels Iz Flower Side Beach begr\u00fc\u00dft die Beach Bar ihre G\u00e4ste mit hochwertigen Speisen und Getr\u00e4nken, w\u00e4hrend sie den ganzen Tag Zeit im tiefblauen Wasser des Mittelmeers verbringen.<\/p><\/div><\/div><div class=\"services-item\"><div class=\"item-photo\"><div class=\"photo-big\" data-background=\"https:\/\/izflowerhotel.com\/wp-content\/uploads\/2021\/11\/Iz-Flower65_poolbar-low.jpg\"><\/div><div class=\"photo-small\" data-background=\"https:\/\/izflowerhotel.com\/wp-content\/uploads\/2021\/11\/orange_juice.jpg\"><\/div><\/div><div class=\"item-desc\"><h2>Poolbar<\/h2><p style=\" font-size:14px!important; line-height:22px!important;\">Am breiten und weitl\u00e4ufigen Strand des Hotels Iz Flower Side Beach begr\u00fc\u00dft die Beach Bar ihre G\u00e4ste mit hochwertigen Speisen und Getr\u00e4nken, w\u00e4hrend sie den ganzen Tag Zeit im tiefblauen Wasser des Mittelmeers verbringen.<\/p><\/div><\/div><div class=\"services-item\"><div class=\"item-photo\"><div class=\"photo-big\" data-background=\"https:\/\/izflowerhotel.com\/wp-content\/uploads\/2021\/12\/vitamin_bar.jpg\"><\/div><div class=\"photo-small\" data-background=\"https:\/\/izflowerhotel.com\/wp-content\/uploads\/2021\/11\/Iz-Flower68_1_beachbar-low.jpg\"><\/div><\/div><div class=\"item-desc\"><h2>Vitamin Bar<\/h2><p style=\" font-size:14px!important; line-height:22px!important;\">Seine einzigartige Lage sorgt daf\u00fcr, dass jeder neue Tag die Seelen unserer G\u00e4ste mit verschiedenen, frischen und exotischen Aromen ber\u00fchrt, begleitet von einem endlosen Meerblick und erm\u00f6glicht es Ihnen, jeden Moment Ihres Lebens in vollen Z\u00fcgen zu genie\u00dfen.<\/p><\/div><\/div> <\/div>\r\n            <!-- Services List End -->\r\n        <\/div>\r\n    <\/div>\r\n    <!-- Section Services End -->[\/vc_column][\/vc_row]<\/p>\n","protected":false},"excerpt":{"rendered":"<p>[vc_row grandium_select_container=&#8220;topandbottom&#8220;][vc_column][\/vc_column][\/vc_row]<\/p>\n","protected":false},"author":1,"featured_media":2104,"parent":0,"menu_order":0,"comment_status":"closed","ping_status":"closed","template":"fullwidth-page.php","meta":{"footnotes":""},"class_list":["post-2748","page","type-page","status-publish","has-post-thumbnail","hentry"],"_links":{"self":[{"href":"https:\/\/izflowerhotel.com\/de\/wp-json\/wp\/v2\/pages\/2748","targetHints":{"allow":["GET"]}}],"collection":[{"href":"https:\/\/izflowerhotel.com\/de\/wp-json\/wp\/v2\/pages"}],"about":[{"href":"https:\/\/izflowerhotel.com\/de\/wp-json\/wp\/v2\/types\/page"}],"author":[{"embeddable":true,"href":"https:\/\/izflowerhotel.com\/de\/wp-json\/wp\/v2\/users\/1"}],"replies":[{"embeddable":true,"href":"https:\/\/izflowerhotel.com\/de\/wp-json\/wp\/v2\/comments?post=2748"}],"version-history":[{"count":4,"href":"https:\/\/izflowerhotel.com\/de\/wp-json\/wp\/v2\/pages\/2748\/revisions"}],"predecessor-version":[{"id":2914,"href":"https:\/\/izflowerhotel.com\/de\/wp-json\/wp\/v2\/pages\/2748\/revisions\/2914"}],"wp:featuredmedia":[{"embeddable":true,"href":"https:\/\/izflowerhotel.com\/de\/wp-json\/wp\/v2\/media\/2104"}],"wp:attachment":[{"href":"https:\/\/izflowerhotel.com\/de\/wp-json\/wp\/v2\/media?parent=2748"}],"curies":[{"name":"wp","href":"https:\/\/api.w.org\/{rel}","templated":true}]}}