{"id":2732,"date":"2016-07-25T18:23:12","date_gmt":"2016-07-25T18:23:12","guid":{"rendered":"https:\/\/izflowerhotel.com\/activities\/"},"modified":"2023-07-26T06:36:34","modified_gmt":"2023-07-26T06:36:34","slug":"aktivitaeten","status":"publish","type":"page","link":"https:\/\/izflowerhotel.com\/de\/aktivitaeten\/","title":{"rendered":"Aktivit\u00e4ten"},"content":{"rendered":"<p>[vc_row grandium_select_container=&#8220;topandbottom&#8220;][vc_column]<!-- Section Services --><div class=\"section  vc_custom_1690353390991\" id=\"service\"><div class=\"wrapper-inner\"><!-- Services List --><div class=\"widget-services-list\"><div class=\"services-item\"><div class=\"item-photo\"><div class=\"photo-big\" data-background=\"https:\/\/izflowerhotel.com\/wp-content\/uploads\/2021\/11\/Iz-Flower143-havuz-low.jpg\"><\/div><div class=\"photo-small\" data-background=\"https:\/\/izflowerhotel.com\/wp-content\/uploads\/2021\/11\/Iz-Flower149-sahil-low.jpg\"><\/div><\/div><div class=\"item-desc\"><h2>Strand &amp; Pool<\/h2><p style=\" font-size:14px!important; line-height:22px!important;\">Direkt am Meer gelegen, mit einem Privatstrand mit 110 Metern feinem Sand, verf\u00fcgt das Anwesen \u00fcber drei Au\u00dfenpools, zwei Wasserrutschen im Rutschenturm, ein Kinderbecken sowie einen Kinderclub, einen Kinderspielplatz und ein Karussell.<\/br><\/br>\nAngeboten in unserem Strandbereich; Mit Wassersportaktivit\u00e4ten wie Parasailing, Jetski, Banana, Ringo, Wasserski, Wakeboarding bietet das blaue Wasser des Mittelmeers Spa\u00df und Sport.\n<\/p><\/div><\/div><div class=\"services-item\"><div class=\"item-photo\"><div class=\"photo-big\" data-background=\"https:\/\/izflowerhotel.com\/wp-content\/uploads\/2021\/11\/Iz-Flower102_spa.jpg\"><\/div><div class=\"photo-small\" data-background=\"https:\/\/izflowerhotel.com\/wp-content\/uploads\/2021\/11\/Iz-Flower48-spa.jpg\"><\/div><\/div><div class=\"item-desc\"><h2>Wellness &amp; Spa<\/h2><p style=\" font-size:14px!important; line-height:22px!important;\">Unser Spa-Center, in dem die Sch\u00f6nheits- und Pflegepraktiken des Fernen Ostens angeboten werden, macht den Urlaub mit seinen Dienstleistungen, die Seele und K\u00f6rper unserer gesch\u00e4tzten G\u00e4ste entspannen, zu einem einzigartigen Vergn\u00fcgen.<\/br><\/br>\nIn unserem Wellness- und Spa-Center finden Sie ein t\u00fcrkisches Bad, eine Sauna, Massager\u00e4ume und ein Fitnesscenter, wo Sie die M\u00fcdigkeit des Jahres lindern k\u00f6nnen.<\/p><\/div><\/div><div class=\"services-item\"><div class=\"item-photo\"><div class=\"photo-big\" data-background=\"https:\/\/izflowerhotel.com\/wp-content\/uploads\/2021\/11\/Iz-Flower108-low.jpg\"><\/div><div class=\"photo-small\" data-background=\"https:\/\/izflowerhotel.com\/wp-content\/uploads\/2021\/11\/MG_6456-aktivity-low.jpg\"><\/div><\/div><div class=\"item-desc\"><h2>Aktivit\u00e4ten &amp; Shows<\/h2><p style=\" font-size:14px!important; line-height:22px!important;\">Wir bringen Farbe in Ihren Urlaub mit Live-Auftritten und sportlichen Aktivit\u00e4ten am Pool von unserem professionellen Animationsteam den ganzen Tag \u00fcber.<\/br><\/br>\nWir machen Ihre Abende am \u0130z Flower Side Beach unvergesslich mit speziellen Shows und Unterhaltungsprogrammen, die von professionellen Tanz- und Animationsteams organisiert werden, damit Sie einen wundervollen Abend verbringen, der zu einem sch\u00f6nen Tag passt.<\/p><\/div><\/div><div class=\"services-item\"><div class=\"item-photo\"><div class=\"photo-big\" data-background=\"https:\/\/izflowerhotel.com\/wp-content\/uploads\/2021\/11\/Iz-Flower20-toplanti-mid.jpg\"><\/div><div class=\"photo-small\" data-background=\"https:\/\/izflowerhotel.com\/wp-content\/uploads\/2021\/11\/toplanti.jpg\"><\/div><\/div><div class=\"item-desc\"><h2>Tagung &amp; Kongress<\/h2><p style=\" font-size:14px!important; line-height:22px!important;\">Sie k\u00f6nnen sicher unseren Tagungsraum w\u00e4hlen, der f\u00fcr Gesch\u00e4ftstreffen und gesellschaftliche Organisationen, f\u00fcr Kongresse, Seminare, H\u00e4ndlertreffen, Produkteinf\u00fchrungen und alle gesellschaftlichen Organisationen konzipiert ist.<\/br><\/br>\nIn unserem Tagungsraum mit einer Gesamtkapazit\u00e4t von 80 Personen, der durch Technologie und Komfort ausgestattet ist, k\u00f6nnen Sie problemlos auf die gesamte technische Ausr\u00fcstung zugreifen, die Sie ben\u00f6tigen.<\/p><\/div><\/div><div class=\"services-item\"><div class=\"item-photo\"><div class=\"photo-big\" data-background=\"https:\/\/izflowerhotel.com\/wp-content\/uploads\/2021\/11\/Iz-Flower69-kids.jpg\"><\/div><div class=\"photo-small\" data-background=\"https:\/\/izflowerhotel.com\/wp-content\/uploads\/2021\/11\/Iz-Flower72-kids-low.jpg\"><\/div><\/div><div class=\"item-desc\"><h2>Kinderclub<\/h2><p style=\" font-size:14px!important; line-height:22px!important;\">Kinder sind im \u0130z Flower Side Beach Hotel immer sehr gl\u00fccklich und wertvoll. In unserem Kids Club finden Sie spezielle Animateure und Spielpl\u00e4tze, die den Kinderurlaub unvergesslich machen.<\/br><\/br>\nDar\u00fcber hinaus wird Ihr Kind ein unvergessliches Urlaubserlebnis erleben, da den ganzen Tag \u00fcber spezielle Aktivit\u00e4ten, Spiele und Geschicklichkeitsaktivit\u00e4ten f\u00fcr Kinder organisiert werden.<\/p><\/div><\/div> <\/div>\r\n            <!-- Services List End -->\r\n        <\/div>\r\n    <\/div>\r\n    <!-- Section Services End -->[\/vc_column][\/vc_row]<\/p>\n","protected":false},"excerpt":{"rendered":"<p>[vc_row grandium_select_container=&#8220;topandbottom&#8220;][vc_column][\/vc_column][\/vc_row]<\/p>\n","protected":false},"author":1,"featured_media":2107,"parent":0,"menu_order":0,"comment_status":"closed","ping_status":"closed","template":"fullwidth-page.php","meta":{"footnotes":""},"class_list":["post-2732","page","type-page","status-publish","has-post-thumbnail","hentry"],"_links":{"self":[{"href":"https:\/\/izflowerhotel.com\/de\/wp-json\/wp\/v2\/pages\/2732","targetHints":{"allow":["GET"]}}],"collection":[{"href":"https:\/\/izflowerhotel.com\/de\/wp-json\/wp\/v2\/pages"}],"about":[{"href":"https:\/\/izflowerhotel.com\/de\/wp-json\/wp\/v2\/types\/page"}],"author":[{"embeddable":true,"href":"https:\/\/izflowerhotel.com\/de\/wp-json\/wp\/v2\/users\/1"}],"replies":[{"embeddable":true,"href":"https:\/\/izflowerhotel.com\/de\/wp-json\/wp\/v2\/comments?post=2732"}],"version-history":[{"count":8,"href":"https:\/\/izflowerhotel.com\/de\/wp-json\/wp\/v2\/pages\/2732\/revisions"}],"predecessor-version":[{"id":2912,"href":"https:\/\/izflowerhotel.com\/de\/wp-json\/wp\/v2\/pages\/2732\/revisions\/2912"}],"wp:featuredmedia":[{"embeddable":true,"href":"https:\/\/izflowerhotel.com\/de\/wp-json\/wp\/v2\/media\/2107"}],"wp:attachment":[{"href":"https:\/\/izflowerhotel.com\/de\/wp-json\/wp\/v2\/media?parent=2732"}],"curies":[{"name":"wp","href":"https:\/\/api.w.org\/{rel}","templated":true}]}}